{"id":3416,"date":"2022-11-21T10:27:45","date_gmt":"2022-11-21T09:27:45","guid":{"rendered":"https:\/\/jugmall.hr\/?page_id=3416"},"modified":"2022-11-24T15:48:55","modified_gmt":"2022-11-24T14:48:55","slug":"black-friday-ponude","status":"publish","type":"page","link":"https:\/\/jugmall.hr\/en\/trgovacki-centar\/black-friday-ponude\/","title":{"rendered":"Black Friday ponude"},"content":{"rendered":"<div data-elementor-type=\"wp-page\" data-elementor-id=\"3416\" class=\"elementor elementor-3416\">\n\t\t\t\t\t\t<section class=\"elementor-section elementor-top-section elementor-element elementor-element-6bcdd65 elementor-section-boxed elementor-section-height-default elementor-section-height-default\" data-id=\"6bcdd65\" data-element_type=\"section\" data-e-type=\"section\">\n\t\t\t\t\t\t<div class=\"elementor-container elementor-column-gap-default\">\n\t\t\t\t\t<div class=\"elementor-column elementor-col-100 elementor-top-column elementor-element elementor-element-0301ff3\" data-id=\"0301ff3\" data-element_type=\"column\" data-e-type=\"column\">\n\t\t\t<div class=\"elementor-widget-wrap\">\n\t\t\t\t\t\t\t<\/div>\n\t\t<\/div>\n\t\t\t\t\t<\/div>\n\t\t<\/section>\n\t\t\t\t<section class=\"elementor-section elementor-top-section elementor-element elementor-element-a7a268b elementor-section-boxed elementor-section-height-default elementor-section-height-default\" data-id=\"a7a268b\" data-element_type=\"section\" data-e-type=\"section\">\n\t\t\t\t\t\t<div class=\"elementor-container elementor-column-gap-default\">\n\t\t\t\t\t<div class=\"elementor-column elementor-col-100 elementor-top-column elementor-element elementor-element-683bec6\" data-id=\"683bec6\" data-element_type=\"column\" data-e-type=\"column\">\n\t\t\t<div class=\"elementor-widget-wrap elementor-element-populated\">\n\t\t\t\t\t\t<div class=\"elementor-element elementor-element-13fe1fb elementor-widget elementor-widget-image\" data-id=\"13fe1fb\" data-element_type=\"widget\" data-e-type=\"widget\" data-widget_type=\"image.default\">\n\t\t\t\t<div class=\"elementor-widget-container\">\n\t\t\t\t\t\t\t\t\t\t\t\t\t\t\t<img fetchpriority=\"high\" decoding=\"async\" width=\"1024\" height=\"576\" src=\"https:\/\/jugmall.hr\/wp-content\/uploads\/2022\/11\/BF1920x1080-1024x576.jpg\" class=\"attachment-large size-large wp-image-3418\" alt=\"\" srcset=\"https:\/\/jugmall.hr\/wp-content\/uploads\/2022\/11\/BF1920x1080-1024x576.jpg 1024w, https:\/\/jugmall.hr\/wp-content\/uploads\/2022\/11\/BF1920x1080-300x169.jpg 300w, https:\/\/jugmall.hr\/wp-content\/uploads\/2022\/11\/BF1920x1080-768x432.jpg 768w, https:\/\/jugmall.hr\/wp-content\/uploads\/2022\/11\/BF1920x1080-1536x864.jpg 1536w, https:\/\/jugmall.hr\/wp-content\/uploads\/2022\/11\/BF1920x1080-2048x1152.jpg 2048w, https:\/\/jugmall.hr\/wp-content\/uploads\/2022\/11\/BF1920x1080-18x10.jpg 18w, https:\/\/jugmall.hr\/wp-content\/uploads\/2022\/11\/BF1920x1080-800x450.jpg 800w\" sizes=\"(max-width: 1024px) 100vw, 1024px\" \/>\t\t\t\t\t\t\t\t\t\t\t\t\t\t\t<\/div>\n\t\t\t\t<\/div>\n\t\t\t\t\t<\/div>\n\t\t<\/div>\n\t\t\t\t\t<\/div>\n\t\t<\/section>\n\t\t\t\t<section class=\"elementor-section elementor-top-section elementor-element elementor-element-45f1b66 elementor-section-boxed elementor-section-height-default elementor-section-height-default\" data-id=\"45f1b66\" data-element_type=\"section\" data-e-type=\"section\">\n\t\t\t\t\t\t<div class=\"elementor-container elementor-column-gap-default\">\n\t\t\t\t\t<div class=\"elementor-column elementor-col-100 elementor-top-column elementor-element elementor-element-c50899b\" data-id=\"c50899b\" data-element_type=\"column\" data-e-type=\"column\">\n\t\t\t<div class=\"elementor-widget-wrap elementor-element-populated\">\n\t\t\t\t\t\t<div class=\"elementor-element elementor-element-4afee99 elementor-widget elementor-widget-heading\" data-id=\"4afee99\" data-element_type=\"widget\" data-e-type=\"widget\" data-widget_type=\"heading.default\">\n\t\t\t\t<div class=\"elementor-widget-container\">\n\t\t\t\t\t<h2 class=\"elementor-heading-title elementor-size-default\">Black Friday ponude<\/h2>\t\t\t\t<\/div>\n\t\t\t\t<\/div>\n\t\t\t\t\t<\/div>\n\t\t<\/div>\n\t\t\t\t\t<\/div>\n\t\t<\/section>\n\t\t\t\t<section class=\"elementor-section elementor-top-section elementor-element elementor-element-f277c41 elementor-section-boxed elementor-section-height-default elementor-section-height-default\" data-id=\"f277c41\" data-element_type=\"section\" data-e-type=\"section\">\n\t\t\t\t\t\t<div class=\"elementor-container elementor-column-gap-default\">\n\t\t\t\t\t<div class=\"elementor-column elementor-col-100 elementor-top-column elementor-element elementor-element-bfc512e\" data-id=\"bfc512e\" data-element_type=\"column\" data-e-type=\"column\">\n\t\t\t<div class=\"elementor-widget-wrap elementor-element-populated\">\n\t\t\t\t\t\t<div class=\"elementor-element elementor-element-6e54424 elementor-widget elementor-widget-text-editor\" data-id=\"6e54424\" data-element_type=\"widget\" data-e-type=\"widget\" data-widget_type=\"text-editor.default\">\n\t\t\t\t<div class=\"elementor-widget-container\">\n\t\t\t\t\t\t\t\t\t<p><span style=\"font-weight: 400;\"><em>Black Friday donosi veselje za du\u0161u, a i nov\u010danik.<\/em><br \/><\/span><b><br \/><\/b><span style=\"font-weight: 400;\">Ostvarite svoju listu \u017eelja uz brojne popuste i u\u0161tede koje vam donose trgovine u Jug Mallu povodom Crnog petka, <strong>25. studenog<\/strong> 2022.<\/span><span style=\"font-weight: 400;\"><br \/><\/span><span style=\"font-weight: 400;\"><br \/><\/span><span style=\"font-weight: 400;\">Zakora\u010dite u <strong>najlu\u0111i shopping vikend u godini<\/strong> i u\u017eivajte u fantasti\u010dnim sni\u017eenjima i pogodnostima kojima je te\u0161ko odoljeti.<\/span><\/p>\t\t\t\t\t\t\t\t<\/div>\n\t\t\t\t<\/div>\n\t\t\t\t\t<\/div>\n\t\t<\/div>\n\t\t\t\t\t<\/div>\n\t\t<\/section>\n\t\t\t\t<section class=\"elementor-section elementor-top-section elementor-element elementor-element-80aff0b elementor-section-boxed elementor-section-height-default elementor-section-height-default\" data-id=\"80aff0b\" data-element_type=\"section\" data-e-type=\"section\">\n\t\t\t\t\t\t<div class=\"elementor-container elementor-column-gap-default\">\n\t\t\t\t\t<div class=\"elementor-column elementor-col-100 elementor-top-column elementor-element elementor-element-1860dc1\" data-id=\"1860dc1\" data-element_type=\"column\" data-e-type=\"column\">\n\t\t\t<div class=\"elementor-widget-wrap elementor-element-populated\">\n\t\t\t\t\t\t<div class=\"elementor-element elementor-element-1de6ab0 elementor-widget elementor-widget-text-editor\" data-id=\"1de6ab0\" data-element_type=\"widget\" data-e-type=\"widget\" data-widget_type=\"text-editor.default\">\n\t\t\t\t<div class=\"elementor-widget-container\">\n\t\t\t\t\t\t\t\t\t<h3>BLACK WEEK U GHETALDUS OPTICI<\/h3><p><em><span style=\"font-weight: 400;\">GHETALDUS OPTIKA I OVE GODINE (S)KIDA CIJENE DO KRAJA!<\/span><\/em><\/p><p><span style=\"font-weight: 400;\"><a href=\"https:\/\/www.ghetaldus.hr\/black-week?utm_source=facebook&amp;utm_medium=paidsocial&amp;utm_campaign=BFpurchase&amp;utm_term=blackweek&amp;utm_content=imgPUR\" target=\"_blank\" rel=\"noopener\">Prosurfajte<\/a> kroz mrak ponudu nao\u010dala na popustima do vrtoglavih <strong>70%!<\/strong><\/span><\/p><p><span style=\"font-weight: 400;\">Ponuda traje cijeli tjedan, <strong>od 21. do 28. 11. 2022.<\/strong><\/span><\/p><p><span style=\"font-weight: 400;\">Po\u017eurite po svoje nao\u010dale jer zalihe se brzo tope.<\/span><\/p><h3><a href=\"https:\/\/www.ghetaldus.hr\/black-week?utm_source=facebook&amp;utm_medium=paidsocial&amp;utm_campaign=BFpurchase&amp;utm_term=blackweek&amp;utm_content=imgPUR\" target=\"_blank\" rel=\"noopener\"><img decoding=\"async\" class=\"aligncenter wp-image-3457 size-large\" src=\"https:\/\/jugmall.hr\/wp-content\/uploads\/2022\/11\/ghetaldus_black_friday_70posto-popusta_2022-1024x1024.jpg\" alt=\"ghetaldus_zena nosi naocale-suncane naocale-crni petak\" width=\"1024\" height=\"1024\" srcset=\"https:\/\/jugmall.hr\/wp-content\/uploads\/2022\/11\/ghetaldus_black_friday_70posto-popusta_2022-1024x1024.jpg 1024w, https:\/\/jugmall.hr\/wp-content\/uploads\/2022\/11\/ghetaldus_black_friday_70posto-popusta_2022-300x300.jpg 300w, https:\/\/jugmall.hr\/wp-content\/uploads\/2022\/11\/ghetaldus_black_friday_70posto-popusta_2022-150x150.jpg 150w, https:\/\/jugmall.hr\/wp-content\/uploads\/2022\/11\/ghetaldus_black_friday_70posto-popusta_2022-768x768.jpg 768w, https:\/\/jugmall.hr\/wp-content\/uploads\/2022\/11\/ghetaldus_black_friday_70posto-popusta_2022-12x12.jpg 12w, https:\/\/jugmall.hr\/wp-content\/uploads\/2022\/11\/ghetaldus_black_friday_70posto-popusta_2022-600x600.jpg 600w, https:\/\/jugmall.hr\/wp-content\/uploads\/2022\/11\/ghetaldus_black_friday_70posto-popusta_2022.jpg 1080w\" sizes=\"(max-width: 1024px) 100vw, 1024px\" \/><\/a><\/h3><h3>dm &#8211; GIVING FRIDAY<\/h3><p>dm \u0107e 25.11.2022. donirati 5 % ukupnog dnevnog pometa Dje\u010djem domu Klasje iz Osijeka i Centru za pru\u017eanje usluga u zajednici Lipik. Vi\u0161e na <a href=\"https:\/\/www.dm.hr\/inspiracije-i-savjeti\/tematsko\/bozic\/giving-friday\" target=\"_blank\" rel=\"noopener\">linku<\/a>.<\/p><p><a href=\"https:\/\/www.dm.hr\/inspiracije-i-savjeti\/tematsko\/bozic\/giving-friday\" target=\"_blank\" rel=\"noopener\"><img decoding=\"async\" class=\"aligncenter wp-image-3460 size-large\" src=\"https:\/\/jugmall.hr\/wp-content\/uploads\/2022\/11\/giving-friday-dm_1-1-1024x1024.jpg\" alt=\"dm-rose-pink-graphic design\" width=\"1024\" height=\"1024\" srcset=\"https:\/\/jugmall.hr\/wp-content\/uploads\/2022\/11\/giving-friday-dm_1-1-1024x1024.jpg 1024w, https:\/\/jugmall.hr\/wp-content\/uploads\/2022\/11\/giving-friday-dm_1-1-300x300.jpg 300w, https:\/\/jugmall.hr\/wp-content\/uploads\/2022\/11\/giving-friday-dm_1-1-150x150.jpg 150w, https:\/\/jugmall.hr\/wp-content\/uploads\/2022\/11\/giving-friday-dm_1-1-768x768.jpg 768w, https:\/\/jugmall.hr\/wp-content\/uploads\/2022\/11\/giving-friday-dm_1-1-12x12.jpg 12w, https:\/\/jugmall.hr\/wp-content\/uploads\/2022\/11\/giving-friday-dm_1-1-600x600.jpg 600w, https:\/\/jugmall.hr\/wp-content\/uploads\/2022\/11\/giving-friday-dm_1-1.jpg 1080w\" sizes=\"(max-width: 1024px) 100vw, 1024px\" \/><\/a><\/p><h3>Silver For You: Black Friday Weekend<\/h3><p>Od petka, 25.11. do ponedjeljka 28.11. u Silver For You trgovini \u010dekaju vas <strong>popusti do -50%.<\/strong><\/p><p><img loading=\"lazy\" decoding=\"async\" class=\"aligncenter wp-image-3514 size-large\" src=\"https:\/\/jugmall.hr\/wp-content\/uploads\/2022\/11\/B39I6068-1024x683.jpg\" alt=\"srebrnarnica silver for you jug mall srebrni nakit\" width=\"1024\" height=\"683\" srcset=\"https:\/\/jugmall.hr\/wp-content\/uploads\/2022\/11\/B39I6068-1024x683.jpg 1024w, https:\/\/jugmall.hr\/wp-content\/uploads\/2022\/11\/B39I6068-300x200.jpg 300w, https:\/\/jugmall.hr\/wp-content\/uploads\/2022\/11\/B39I6068-768x512.jpg 768w, https:\/\/jugmall.hr\/wp-content\/uploads\/2022\/11\/B39I6068-1536x1024.jpg 1536w, https:\/\/jugmall.hr\/wp-content\/uploads\/2022\/11\/B39I6068-2048x1365.jpg 2048w, https:\/\/jugmall.hr\/wp-content\/uploads\/2022\/11\/B39I6068-18x12.jpg 18w\" sizes=\"(max-width: 1024px) 100vw, 1024px\" \/><\/p><h3>BLACK FRIDAY U SPARU<\/h3><p>Trgovina SPAR pripremila je za svoje kupce <strong>-25% na adventske svije\u0107e i umjetne adventske vijence.<br \/><br \/><\/strong>Ponuda vrijedi od 23.11. do 28.11.2022. ili do prodaje zaliha.<\/p><p><img loading=\"lazy\" decoding=\"async\" class=\"aligncenter wp-image-3513 size-large\" src=\"https:\/\/jugmall.hr\/wp-content\/uploads\/2022\/11\/BlackFriday_SPAR-721x1024.jpg\" alt=\"spar black friday jug mall\" width=\"721\" height=\"1024\" srcset=\"https:\/\/jugmall.hr\/wp-content\/uploads\/2022\/11\/BlackFriday_SPAR-721x1024.jpg 721w, https:\/\/jugmall.hr\/wp-content\/uploads\/2022\/11\/BlackFriday_SPAR-211x300.jpg 211w, https:\/\/jugmall.hr\/wp-content\/uploads\/2022\/11\/BlackFriday_SPAR-768x1090.jpg 768w, https:\/\/jugmall.hr\/wp-content\/uploads\/2022\/11\/BlackFriday_SPAR-1082x1536.jpg 1082w, https:\/\/jugmall.hr\/wp-content\/uploads\/2022\/11\/BlackFriday_SPAR-1443x2048.jpg 1443w, https:\/\/jugmall.hr\/wp-content\/uploads\/2022\/11\/BlackFriday_SPAR-8x12.jpg 8w, https:\/\/jugmall.hr\/wp-content\/uploads\/2022\/11\/BlackFriday_SPAR-scaled.jpg 1803w\" sizes=\"(max-width: 721px) 100vw, 721px\" \/><\/p><h3>Crni petak u trgovini MANA<\/h3><p>Iskoristite 30% popusta na svu odje\u0107u, modne dodatke i igra\u010dke u redovnoj prodaji!<\/p><p>Proslavite CRNI PETAK u trgovini MANA u Jug Mallu i odaberite novu odje\u0107u i modne dodatke za cijelu<br \/>obitelj te igra\u010dke za najmla\u0111e!<\/p><p>Akcija traje <strong>od 24. do 27. studenog 2022.<br \/><br \/><img loading=\"lazy\" decoding=\"async\" class=\"aligncenter wp-image-3528 size-large\" src=\"https:\/\/jugmall.hr\/wp-content\/uploads\/2022\/11\/MANA_crni-petak-u-Jug-Mallu_24-11-2022-1024x1024.jpg\" alt=\"zena stoji-mana moda-crni petak natpis\" width=\"1024\" height=\"1024\" srcset=\"https:\/\/jugmall.hr\/wp-content\/uploads\/2022\/11\/MANA_crni-petak-u-Jug-Mallu_24-11-2022-1024x1024.jpg 1024w, https:\/\/jugmall.hr\/wp-content\/uploads\/2022\/11\/MANA_crni-petak-u-Jug-Mallu_24-11-2022-300x300.jpg 300w, https:\/\/jugmall.hr\/wp-content\/uploads\/2022\/11\/MANA_crni-petak-u-Jug-Mallu_24-11-2022-150x150.jpg 150w, https:\/\/jugmall.hr\/wp-content\/uploads\/2022\/11\/MANA_crni-petak-u-Jug-Mallu_24-11-2022-768x768.jpg 768w, https:\/\/jugmall.hr\/wp-content\/uploads\/2022\/11\/MANA_crni-petak-u-Jug-Mallu_24-11-2022-12x12.jpg 12w, https:\/\/jugmall.hr\/wp-content\/uploads\/2022\/11\/MANA_crni-petak-u-Jug-Mallu_24-11-2022-600x600.jpg 600w, https:\/\/jugmall.hr\/wp-content\/uploads\/2022\/11\/MANA_crni-petak-u-Jug-Mallu_24-11-2022.jpg 1080w\" sizes=\"(max-width: 1024px) 100vw, 1024px\" \/><\/strong><\/p>\t\t\t\t\t\t\t\t<\/div>\n\t\t\t\t<\/div>\n\t\t\t\t\t<\/div>\n\t\t<\/div>\n\t\t\t\t\t<\/div>\n\t\t<\/section>\n\t\t\t\t<\/div>","protected":false},"excerpt":{"rendered":"<p>Black Friday ponude Black Friday donosi veselje za du\u0161u, a i nov\u010danik.Ostvarite svoju listu \u017eelja uz brojne popuste i u\u0161tede koje vam donose trgovine u Jug Mallu povodom Crnog petka, 25. studenog 2022. Zakora\u010dite u najlu\u0111i shopping vikend u godini i u\u017eivajte u fantasti\u010dnim sni\u017eenjima i pogodnostima kojima je te\u0161ko odoljeti. BLACK WEEK U GHETALDUS [&hellip;]<\/p>\n","protected":false},"author":8,"featured_media":0,"parent":557,"menu_order":0,"comment_status":"closed","ping_status":"closed","template":"","meta":{"inline_featured_image":false,"ocean_post_layout":"","ocean_both_sidebars_style":"","ocean_both_sidebars_content_width":0,"ocean_both_sidebars_sidebars_width":0,"ocean_sidebar":"0","ocean_second_sidebar":"0","ocean_disable_margins":"enable","ocean_add_body_class":"","ocean_shortcode_before_top_bar":"","ocean_shortcode_after_top_bar":"","ocean_shortcode_before_header":"","ocean_shortcode_after_header":"","ocean_has_shortcode":"","ocean_shortcode_after_title":"","ocean_shortcode_before_footer_widgets":"","ocean_shortcode_after_footer_widgets":"","ocean_shortcode_before_footer_bottom":"","ocean_shortcode_after_footer_bottom":"","ocean_display_top_bar":"default","ocean_display_header":"default","ocean_header_style":"","ocean_center_header_left_menu":"0","ocean_custom_header_template":"0","ocean_custom_logo":0,"ocean_custom_retina_logo":0,"ocean_custom_logo_max_width":0,"ocean_custom_logo_tablet_max_width":0,"ocean_custom_logo_mobile_max_width":0,"ocean_custom_logo_max_height":0,"ocean_custom_logo_tablet_max_height":0,"ocean_custom_logo_mobile_max_height":0,"ocean_header_custom_menu":"0","ocean_menu_typo_font_family":"0","ocean_menu_typo_font_subset":"","ocean_menu_typo_font_size":0,"ocean_menu_typo_font_size_tablet":0,"ocean_menu_typo_font_size_mobile":0,"ocean_menu_typo_font_size_unit":"px","ocean_menu_typo_font_weight":"","ocean_menu_typo_font_weight_tablet":"","ocean_menu_typo_font_weight_mobile":"","ocean_menu_typo_transform":"","ocean_menu_typo_transform_tablet":"","ocean_menu_typo_transform_mobile":"","ocean_menu_typo_line_height":0,"ocean_menu_typo_line_height_tablet":0,"ocean_menu_typo_line_height_mobile":0,"ocean_menu_typo_line_height_unit":"","ocean_menu_typo_spacing":0,"ocean_menu_typo_spacing_tablet":0,"ocean_menu_typo_spacing_mobile":0,"ocean_menu_typo_spacing_unit":"","ocean_menu_link_color":"","ocean_menu_link_color_hover":"","ocean_menu_link_color_active":"","ocean_menu_link_background":"","ocean_menu_link_hover_background":"","ocean_menu_link_active_background":"","ocean_menu_social_links_bg":"","ocean_menu_social_hover_links_bg":"","ocean_menu_social_links_color":"","ocean_menu_social_hover_links_color":"","ocean_disable_title":"default","ocean_disable_heading":"default","ocean_post_title":"","ocean_post_subheading":"","ocean_post_title_style":"","ocean_post_title_background_color":"","ocean_post_title_background":0,"ocean_post_title_bg_image_position":"","ocean_post_title_bg_image_attachment":"","ocean_post_title_bg_image_repeat":"","ocean_post_title_bg_image_size":"","ocean_post_title_height":0,"ocean_post_title_bg_overlay":0.5,"ocean_post_title_bg_overlay_color":"","ocean_disable_breadcrumbs":"default","ocean_breadcrumbs_color":"","ocean_breadcrumbs_separator_color":"","ocean_breadcrumbs_links_color":"","ocean_breadcrumbs_links_hover_color":"","ocean_display_footer_widgets":"default","ocean_display_footer_bottom":"default","ocean_custom_footer_template":"0","footnotes":""},"class_list":["post-3416","page","type-page","status-publish","hentry","entry"],"_links":{"self":[{"href":"https:\/\/jugmall.hr\/en\/wp-json\/wp\/v2\/pages\/3416","targetHints":{"allow":["GET"]}}],"collection":[{"href":"https:\/\/jugmall.hr\/en\/wp-json\/wp\/v2\/pages"}],"about":[{"href":"https:\/\/jugmall.hr\/en\/wp-json\/wp\/v2\/types\/page"}],"author":[{"embeddable":true,"href":"https:\/\/jugmall.hr\/en\/wp-json\/wp\/v2\/users\/8"}],"replies":[{"embeddable":true,"href":"https:\/\/jugmall.hr\/en\/wp-json\/wp\/v2\/comments?post=3416"}],"version-history":[{"count":57,"href":"https:\/\/jugmall.hr\/en\/wp-json\/wp\/v2\/pages\/3416\/revisions"}],"predecessor-version":[{"id":3554,"href":"https:\/\/jugmall.hr\/en\/wp-json\/wp\/v2\/pages\/3416\/revisions\/3554"}],"up":[{"embeddable":true,"href":"https:\/\/jugmall.hr\/en\/wp-json\/wp\/v2\/pages\/557"}],"wp:attachment":[{"href":"https:\/\/jugmall.hr\/en\/wp-json\/wp\/v2\/media?parent=3416"}],"curies":[{"name":"wp","href":"https:\/\/api.w.org\/{rel}","templated":true}]}}