{"id":3577,"date":"2022-11-28T10:31:35","date_gmt":"2022-11-28T09:31:35","guid":{"rendered":"https:\/\/jugmall.hr\/?page_id=3577"},"modified":"2022-12-13T14:31:27","modified_gmt":"2022-12-13T13:31:27","slug":"jug-mall-slavi-2-rodendan","status":"publish","type":"page","link":"https:\/\/jugmall.hr\/en\/jug-mall\/jug-mall-slavi-2-rodendan\/","title":{"rendered":"Jug Mall slavi 2. ro\u0111endan"},"content":{"rendered":"<div data-elementor-type=\"wp-page\" data-elementor-id=\"3577\" class=\"elementor elementor-3577\">\n\t\t\t\t\t\t<section class=\"elementor-section elementor-top-section elementor-element elementor-element-6bcdd65 elementor-section-boxed elementor-section-height-default elementor-section-height-default\" data-id=\"6bcdd65\" data-element_type=\"section\" data-e-type=\"section\">\n\t\t\t\t\t\t<div class=\"elementor-container elementor-column-gap-default\">\n\t\t\t\t\t<div class=\"elementor-column elementor-col-100 elementor-top-column elementor-element elementor-element-0301ff3\" data-id=\"0301ff3\" data-element_type=\"column\" data-e-type=\"column\">\n\t\t\t<div class=\"elementor-widget-wrap\">\n\t\t\t\t\t\t\t<\/div>\n\t\t<\/div>\n\t\t\t\t\t<\/div>\n\t\t<\/section>\n\t\t\t\t<section class=\"elementor-section elementor-top-section elementor-element elementor-element-a7a268b elementor-section-boxed elementor-section-height-default elementor-section-height-default\" data-id=\"a7a268b\" data-element_type=\"section\" data-e-type=\"section\">\n\t\t\t\t\t\t<div class=\"elementor-container elementor-column-gap-default\">\n\t\t\t\t\t<div class=\"elementor-column elementor-col-100 elementor-top-column elementor-element elementor-element-683bec6\" data-id=\"683bec6\" data-element_type=\"column\" data-e-type=\"column\">\n\t\t\t<div class=\"elementor-widget-wrap elementor-element-populated\">\n\t\t\t\t\t\t<div class=\"elementor-element elementor-element-13fe1fb elementor-widget elementor-widget-image\" data-id=\"13fe1fb\" data-element_type=\"widget\" data-e-type=\"widget\" data-widget_type=\"image.default\">\n\t\t\t\t<div class=\"elementor-widget-container\">\n\t\t\t\t\t\t\t\t\t\t\t\t\t\t\t<img fetchpriority=\"high\" decoding=\"async\" width=\"1024\" height=\"576\" src=\"https:\/\/jugmall.hr\/wp-content\/uploads\/2022\/11\/Jug-Mall-godisnjica-druga_1920x1080-1024x576.jpg\" class=\"attachment-large size-large wp-image-3440\" alt=\"\" srcset=\"https:\/\/jugmall.hr\/wp-content\/uploads\/2022\/11\/Jug-Mall-godisnjica-druga_1920x1080-1024x576.jpg 1024w, https:\/\/jugmall.hr\/wp-content\/uploads\/2022\/11\/Jug-Mall-godisnjica-druga_1920x1080-300x169.jpg 300w, https:\/\/jugmall.hr\/wp-content\/uploads\/2022\/11\/Jug-Mall-godisnjica-druga_1920x1080-768x432.jpg 768w, https:\/\/jugmall.hr\/wp-content\/uploads\/2022\/11\/Jug-Mall-godisnjica-druga_1920x1080-1536x864.jpg 1536w, https:\/\/jugmall.hr\/wp-content\/uploads\/2022\/11\/Jug-Mall-godisnjica-druga_1920x1080-2048x1152.jpg 2048w, https:\/\/jugmall.hr\/wp-content\/uploads\/2022\/11\/Jug-Mall-godisnjica-druga_1920x1080-18x10.jpg 18w, https:\/\/jugmall.hr\/wp-content\/uploads\/2022\/11\/Jug-Mall-godisnjica-druga_1920x1080-800x450.jpg 800w\" sizes=\"(max-width: 1024px) 100vw, 1024px\" \/>\t\t\t\t\t\t\t\t\t\t\t\t\t\t\t<\/div>\n\t\t\t\t<\/div>\n\t\t\t\t\t<\/div>\n\t\t<\/div>\n\t\t\t\t\t<\/div>\n\t\t<\/section>\n\t\t\t\t<section class=\"elementor-section elementor-top-section elementor-element elementor-element-45f1b66 elementor-section-boxed elementor-section-height-default elementor-section-height-default\" data-id=\"45f1b66\" data-element_type=\"section\" data-e-type=\"section\">\n\t\t\t\t\t\t<div class=\"elementor-container elementor-column-gap-default\">\n\t\t\t\t\t<div class=\"elementor-column elementor-col-100 elementor-top-column elementor-element elementor-element-c50899b\" data-id=\"c50899b\" data-element_type=\"column\" data-e-type=\"column\">\n\t\t\t<div class=\"elementor-widget-wrap elementor-element-populated\">\n\t\t\t\t\t\t<div class=\"elementor-element elementor-element-4afee99 elementor-widget elementor-widget-heading\" data-id=\"4afee99\" data-element_type=\"widget\" data-e-type=\"widget\" data-widget_type=\"heading.default\">\n\t\t\t\t<div class=\"elementor-widget-container\">\n\t\t\t\t\t<h2 class=\"elementor-heading-title elementor-size-default\">Jug Mall slavi 2. ro\u0111endan<\/h2>\t\t\t\t<\/div>\n\t\t\t\t<\/div>\n\t\t\t\t\t<\/div>\n\t\t<\/div>\n\t\t\t\t\t<\/div>\n\t\t<\/section>\n\t\t\t\t<section class=\"elementor-section elementor-top-section elementor-element elementor-element-f277c41 elementor-section-boxed elementor-section-height-default elementor-section-height-default\" data-id=\"f277c41\" data-element_type=\"section\" data-e-type=\"section\">\n\t\t\t\t\t\t<div class=\"elementor-container elementor-column-gap-default\">\n\t\t\t\t\t<div class=\"elementor-column elementor-col-100 elementor-top-column elementor-element elementor-element-bfc512e\" data-id=\"bfc512e\" data-element_type=\"column\" data-e-type=\"column\">\n\t\t\t<div class=\"elementor-widget-wrap elementor-element-populated\">\n\t\t\t\t\t\t<div class=\"elementor-element elementor-element-6e54424 elementor-widget elementor-widget-text-editor\" data-id=\"6e54424\" data-element_type=\"widget\" data-e-type=\"widget\" data-widget_type=\"text-editor.default\">\n\t\t\t\t<div class=\"elementor-widget-container\">\n\t\t\t\t\t\t\t\t\t<p>Ponekad nismo svjesni brzine kojom vrijeme prolazi, a to najbolje dokazuje \u010dinjenica da \u0107e Trgova\u010dki centar Jug Mall uskoro napuniti dvije godine postojanja.<br \/><br \/>Jug Mall je suvremeni trgova\u010dki centar na adresi Toma\u0161a Gori\u010danca 1 koji okuplja poznate trgovine, poslovnice i ugostiteljske objekte te predstavlja idealnu lokaciju za razonodu svih dobnih skupina.<\/p>\t\t\t\t\t\t\t\t<\/div>\n\t\t\t\t<\/div>\n\t\t\t\t\t<\/div>\n\t\t<\/div>\n\t\t\t\t\t<\/div>\n\t\t<\/section>\n\t\t\t\t<section class=\"elementor-section elementor-top-section elementor-element elementor-element-80aff0b elementor-section-boxed elementor-section-height-default elementor-section-height-default\" data-id=\"80aff0b\" data-element_type=\"section\" data-e-type=\"section\">\n\t\t\t\t\t\t<div class=\"elementor-container elementor-column-gap-default\">\n\t\t\t\t\t<div class=\"elementor-column elementor-col-100 elementor-top-column elementor-element elementor-element-1860dc1\" data-id=\"1860dc1\" data-element_type=\"column\" data-e-type=\"column\">\n\t\t\t<div class=\"elementor-widget-wrap elementor-element-populated\">\n\t\t\t\t\t\t<div class=\"elementor-element elementor-element-1de6ab0 elementor-widget elementor-widget-text-editor\" data-id=\"1de6ab0\" data-element_type=\"widget\" data-e-type=\"widget\" data-widget_type=\"text-editor.default\">\n\t\t\t\t<div class=\"elementor-widget-container\">\n\t\t\t\t\t\t\t\t\t<p><strong>U subotu, 10. prosinca<\/strong> u Jug Mallu vas o\u010dekuje prava<strong> ro\u0111endanska poslastica<\/strong>.<\/p><p>Slavlje zapo\u010dinje dje\u010djim programom i to <strong>oslikavanjem lica od 10.00 do 12.00 sati<\/strong> na I. katu Jug Malla. <strong>U 10.00 i u 14:00 sati<\/strong> u kino dvorani Cine&amp;Fun projicirat \u0107e se <strong>filmovi za djecu<\/strong>, a na ulazu dobivaju se male kokice besplatno. Ulaz u kino je besplatan, ali je potrebno unaprijed rezervirati ulaznice jer je broj mjesta ograni\u010den. Tako\u0111er, u centru prona\u0111ite veselog<strong> robota maskotu<\/strong> koji dijeli slatki\u0161e i voli se fotografirati.<\/p><p><img decoding=\"async\" class=\"aligncenter wp-image-3581 size-large\" src=\"https:\/\/jugmall.hr\/wp-content\/uploads\/2022\/11\/oslikavanje-lica_Jug-Mall-1024x683.jpg\" alt=\"oslikavanhje lica-djeca-ro\u0111endan jug malla\" width=\"1024\" height=\"683\" srcset=\"https:\/\/jugmall.hr\/wp-content\/uploads\/2022\/11\/oslikavanje-lica_Jug-Mall-1024x683.jpg 1024w, https:\/\/jugmall.hr\/wp-content\/uploads\/2022\/11\/oslikavanje-lica_Jug-Mall-300x200.jpg 300w, https:\/\/jugmall.hr\/wp-content\/uploads\/2022\/11\/oslikavanje-lica_Jug-Mall-768x512.jpg 768w, https:\/\/jugmall.hr\/wp-content\/uploads\/2022\/11\/oslikavanje-lica_Jug-Mall-1536x1024.jpg 1536w, https:\/\/jugmall.hr\/wp-content\/uploads\/2022\/11\/oslikavanje-lica_Jug-Mall-18x12.jpg 18w, https:\/\/jugmall.hr\/wp-content\/uploads\/2022\/11\/oslikavanje-lica_Jug-Mall.jpg 2048w\" sizes=\"(max-width: 1024px) 100vw, 1024px\" \/><\/p><p>Ro\u0111endani Jug Malla uvijek su <strong>humanitarnog karaktera<\/strong>, pa tako i ove godine Jug Mall poma\u017ee potrebitima. Pozivamo sve zainteresirane da navrate na<strong> bo\u017ei\u0107no fotografiranje s Djedom Bo\u017ei\u0107njakom<\/strong>, s ciljem prikupljanja donacijskih sredstva za Izgradnju Centra za ranu intervenciju u djetinjstvu MURID. Fotografiranje \u0107e se odr\u017eavati u suradnji sa SelfieBox-om, u razdoblju <strong>od 9.00 do 12.00 sati<\/strong> u prostoru kod glavnog ulaza u centar.<br \/>Kvalitetnog glazbenog programa ne\u0107e manjkati jer \u0107e<strong> od 12:00 do 14:00 sati<\/strong> nastupati gosti iznena\u0111enja &#8211; <strong>Filip Hozjak<\/strong> iz sastava 4 Tenora uz pratnju gitarista <strong>Filipa Vinceka.<\/strong><\/p><p><strong>Od 15.00 do 17.00 sati<\/strong> mo\u0107i \u0107ete ponovno iskusiti \u010dari facepaintinga, odnosno oslikavanja lica, a<strong> u 17:00 sati u kino dvorani po\u010dinje besplatna predstava \u201cA tko si ti\u201d<\/strong>, u izvedbi Kazali\u0161ne dru\u017eine Pinklec. Zbog ograni\u010denog broja sjedala, ulaznice za predstavu tako\u0111er je potrebno rezervirati. Maskota \u0107e i u popodnevom terminu uveseljavati sveprisutne, stoga je prona\u0111ite, fotografirajte se i zasladite slatki\u0161em.<\/p><p><img decoding=\"async\" class=\"aligncenter wp-image-3582 size-large\" src=\"https:\/\/jugmall.hr\/wp-content\/uploads\/2022\/11\/predstava-1024x683.jpg\" alt=\"predstava za djecu-pinkleci-kazali\u0161na skupina\" width=\"1024\" height=\"683\" srcset=\"https:\/\/jugmall.hr\/wp-content\/uploads\/2022\/11\/predstava-1024x683.jpg 1024w, https:\/\/jugmall.hr\/wp-content\/uploads\/2022\/11\/predstava-300x200.jpg 300w, https:\/\/jugmall.hr\/wp-content\/uploads\/2022\/11\/predstava-768x512.jpg 768w, https:\/\/jugmall.hr\/wp-content\/uploads\/2022\/11\/predstava-1536x1024.jpg 1536w, https:\/\/jugmall.hr\/wp-content\/uploads\/2022\/11\/predstava-18x12.jpg 18w, https:\/\/jugmall.hr\/wp-content\/uploads\/2022\/11\/predstava.jpg 2048w\" sizes=\"(max-width: 1024px) 100vw, 1024px\" \/><\/p><p>Ro\u0111endansko slavlje odli\u010dna je prilika i za u\u0161tedu jer su trgovine i poslovnice u sklopu centra Jug Mall pripremile izvrsne <strong>popuste i pogodnosti<\/strong>.<\/p><p>A ro\u0111endan nije ro\u0111endan ako nema poklona, zar ne? Jug Mall daruje vas i va\u0161u vjernost prigodnim i vrijednim darovima. Kupnjom iznad odre\u0111enog iznosa u bilo kojim lokalima centra, <strong>Jug mall vam poklanja<\/strong>: <br \/>&#8211;<strong> platnenu vre\u0107icu<\/strong> za iznos iznad 300,00 kn <br \/>&#8211; <strong>kavu po izboru<\/strong> u Caffe baru Park\u2019s za iznos iznad 500,00 kn <br \/>&#8211; <strong>ulaznicu za film po izboru<\/strong> u Cine&amp;Funu za iznos ve\u0107i od 600,00 kn<br \/>&#8211; Hvar Hills <strong>Magnus bocu vina<\/strong> za iznos iznad 700,00 kn <br \/>&#8211; <strong>pizzu Capricciosu<\/strong> iz Restorana&amp;bara Boccone za iznos iznad 800,00 kn <br \/>*Pokloni se mogu preuzeti s ra\u010dunima izdanim 10.12.2022. godine. Ra\u010duni se zbrajaju, a jedna osoba mo\u017ee preuzeti jedan poklon. Broj poklona je ograni\u010den i vrijedi do isteka zaliha.<\/p><p><img loading=\"lazy\" decoding=\"async\" class=\"aligncenter wp-image-3584 size-large\" src=\"https:\/\/jugmall.hr\/wp-content\/uploads\/2022\/11\/CineFun-24-1024x768.jpg\" alt=\"cine and fun-maskota-robot-djecji robot\" width=\"1024\" height=\"768\" srcset=\"https:\/\/jugmall.hr\/wp-content\/uploads\/2022\/11\/CineFun-24-1024x768.jpg 1024w, https:\/\/jugmall.hr\/wp-content\/uploads\/2022\/11\/CineFun-24-300x225.jpg 300w, https:\/\/jugmall.hr\/wp-content\/uploads\/2022\/11\/CineFun-24-768x576.jpg 768w, https:\/\/jugmall.hr\/wp-content\/uploads\/2022\/11\/CineFun-24-1536x1152.jpg 1536w, https:\/\/jugmall.hr\/wp-content\/uploads\/2022\/11\/CineFun-24-2048x1536.jpg 2048w, https:\/\/jugmall.hr\/wp-content\/uploads\/2022\/11\/CineFun-24-16x12.jpg 16w\" sizes=\"(max-width: 1024px) 100vw, 1024px\" \/><br \/><strong>Pozivamo sve da se pridru\u017ee ro\u0111endanskom slavlju Jug Mall-a jer vas o\u010dekuje mno\u0161tvo poklona, vrhunski glazbeni program, program za najmla\u0111e, fantasti\u010dni popusti i pogodnosti te vesela ro\u0111endanska energija. Vidimo se u subotu, 10. prosinca 2022. u centru \u010dakove\u010dkog juga.<\/strong><\/p>\t\t\t\t\t\t\t\t<\/div>\n\t\t\t\t<\/div>\n\t\t\t\t\t<\/div>\n\t\t<\/div>\n\t\t\t\t\t<\/div>\n\t\t<\/section>\n\t\t\t\t<\/div>","protected":false},"excerpt":{"rendered":"<p>Jug Mall slavi 2. ro\u0111endan Ponekad nismo svjesni brzine kojom vrijeme prolazi, a to najbolje dokazuje \u010dinjenica da \u0107e Trgova\u010dki centar Jug Mall uskoro napuniti dvije godine postojanja. Jug Mall je suvremeni trgova\u010dki centar na adresi Toma\u0161a Gori\u010danca 1 koji okuplja poznate trgovine, poslovnice i ugostiteljske objekte te predstavlja idealnu lokaciju za razonodu svih dobnih [&hellip;]<\/p>\n","protected":false},"author":8,"featured_media":0,"parent":11,"menu_order":0,"comment_status":"closed","ping_status":"closed","template":"","meta":{"inline_featured_image":false,"ocean_post_layout":"","ocean_both_sidebars_style":"","ocean_both_sidebars_content_width":0,"ocean_both_sidebars_sidebars_width":0,"ocean_sidebar":"0","ocean_second_sidebar":"0","ocean_disable_margins":"enable","ocean_add_body_class":"","ocean_shortcode_before_top_bar":"","ocean_shortcode_after_top_bar":"","ocean_shortcode_before_header":"","ocean_shortcode_after_header":"","ocean_has_shortcode":"","ocean_shortcode_after_title":"","ocean_shortcode_before_footer_widgets":"","ocean_shortcode_after_footer_widgets":"","ocean_shortcode_before_footer_bottom":"","ocean_shortcode_after_footer_bottom":"","ocean_display_top_bar":"default","ocean_display_header":"default","ocean_header_style":"","ocean_center_header_left_menu":"0","ocean_custom_header_template":"0","ocean_custom_logo":0,"ocean_custom_retina_logo":0,"ocean_custom_logo_max_width":0,"ocean_custom_logo_tablet_max_width":0,"ocean_custom_logo_mobile_max_width":0,"ocean_custom_logo_max_height":0,"ocean_custom_logo_tablet_max_height":0,"ocean_custom_logo_mobile_max_height":0,"ocean_header_custom_menu":"0","ocean_menu_typo_font_family":"0","ocean_menu_typo_font_subset":"","ocean_menu_typo_font_size":0,"ocean_menu_typo_font_size_tablet":0,"ocean_menu_typo_font_size_mobile":0,"ocean_menu_typo_font_size_unit":"px","ocean_menu_typo_font_weight":"","ocean_menu_typo_font_weight_tablet":"","ocean_menu_typo_font_weight_mobile":"","ocean_menu_typo_transform":"","ocean_menu_typo_transform_tablet":"","ocean_menu_typo_transform_mobile":"","ocean_menu_typo_line_height":0,"ocean_menu_typo_line_height_tablet":0,"ocean_menu_typo_line_height_mobile":0,"ocean_menu_typo_line_height_unit":"","ocean_menu_typo_spacing":0,"ocean_menu_typo_spacing_tablet":0,"ocean_menu_typo_spacing_mobile":0,"ocean_menu_typo_spacing_unit":"","ocean_menu_link_color":"","ocean_menu_link_color_hover":"","ocean_menu_link_color_active":"","ocean_menu_link_background":"","ocean_menu_link_hover_background":"","ocean_menu_link_active_background":"","ocean_menu_social_links_bg":"","ocean_menu_social_hover_links_bg":"","ocean_menu_social_links_color":"","ocean_menu_social_hover_links_color":"","ocean_disable_title":"default","ocean_disable_heading":"default","ocean_post_title":"","ocean_post_subheading":"","ocean_post_title_style":"","ocean_post_title_background_color":"","ocean_post_title_background":0,"ocean_post_title_bg_image_position":"","ocean_post_title_bg_image_attachment":"","ocean_post_title_bg_image_repeat":"","ocean_post_title_bg_image_size":"","ocean_post_title_height":0,"ocean_post_title_bg_overlay":0.5,"ocean_post_title_bg_overlay_color":"","ocean_disable_breadcrumbs":"default","ocean_breadcrumbs_color":"","ocean_breadcrumbs_separator_color":"","ocean_breadcrumbs_links_color":"","ocean_breadcrumbs_links_hover_color":"","ocean_display_footer_widgets":"default","ocean_display_footer_bottom":"default","ocean_custom_footer_template":"0","footnotes":""},"class_list":["post-3577","page","type-page","status-publish","hentry","entry"],"_links":{"self":[{"href":"https:\/\/jugmall.hr\/en\/wp-json\/wp\/v2\/pages\/3577","targetHints":{"allow":["GET"]}}],"collection":[{"href":"https:\/\/jugmall.hr\/en\/wp-json\/wp\/v2\/pages"}],"about":[{"href":"https:\/\/jugmall.hr\/en\/wp-json\/wp\/v2\/types\/page"}],"author":[{"embeddable":true,"href":"https:\/\/jugmall.hr\/en\/wp-json\/wp\/v2\/users\/8"}],"replies":[{"embeddable":true,"href":"https:\/\/jugmall.hr\/en\/wp-json\/wp\/v2\/comments?post=3577"}],"version-history":[{"count":19,"href":"https:\/\/jugmall.hr\/en\/wp-json\/wp\/v2\/pages\/3577\/revisions"}],"predecessor-version":[{"id":3641,"href":"https:\/\/jugmall.hr\/en\/wp-json\/wp\/v2\/pages\/3577\/revisions\/3641"}],"up":[{"embeddable":true,"href":"https:\/\/jugmall.hr\/en\/wp-json\/wp\/v2\/pages\/11"}],"wp:attachment":[{"href":"https:\/\/jugmall.hr\/en\/wp-json\/wp\/v2\/media?parent=3577"}],"curies":[{"name":"wp","href":"https:\/\/api.w.org\/{rel}","templated":true}]}}