{"id":516,"date":"2021-07-13T11:11:00","date_gmt":"2021-07-13T11:11:00","guid":{"rendered":"https:\/\/jugmall.hr\/?page_id=516"},"modified":"2026-01-17T01:16:24","modified_gmt":"2026-01-17T00:16:24","slug":"cineandfun","status":"publish","type":"page","link":"https:\/\/jugmall.hr\/en\/trgovine\/cineandfun\/","title":{"rendered":"Cine&#038;Fun"},"content":{"rendered":"<div data-elementor-type=\"wp-page\" data-elementor-id=\"516\" class=\"elementor elementor-516\">\n\t\t\t\t\t\t<section class=\"elementor-section elementor-top-section elementor-element elementor-element-692ff946 elementor-section-height-min-height elementor-reverse-tablet elementor-reverse-mobile elementor-section-boxed elementor-section-height-default elementor-section-items-middle\" data-id=\"692ff946\" data-element_type=\"section\" data-e-type=\"section\" data-settings=\"{&quot;background_background&quot;:&quot;classic&quot;}\">\n\t\t\t\t\t\t<div class=\"elementor-container elementor-column-gap-no\">\n\t\t\t\t\t<div class=\"elementor-column elementor-col-100 elementor-top-column elementor-element elementor-element-7d1e120e\" data-id=\"7d1e120e\" data-element_type=\"column\" data-e-type=\"column\">\n\t\t\t<div class=\"elementor-widget-wrap elementor-element-populated\">\n\t\t\t\t\t\t<div class=\"elementor-element elementor-element-cd5a71a elementor-widget elementor-widget-image\" data-id=\"cd5a71a\" data-element_type=\"widget\" data-e-type=\"widget\" data-widget_type=\"image.default\">\n\t\t\t\t<div class=\"elementor-widget-container\">\n\t\t\t\t\t\t\t\t\t\t\t\t\t\t\t<img fetchpriority=\"high\" decoding=\"async\" width=\"920\" height=\"295\" src=\"https:\/\/jugmall.hr\/wp-content\/uploads\/2022\/05\/Cinefun-E4-e1652276778259.png\" class=\"attachment-2048x2048 size-2048x2048 wp-image-2934\" alt=\"\" srcset=\"https:\/\/jugmall.hr\/wp-content\/uploads\/2022\/05\/Cinefun-E4-e1652276778259.png 920w, https:\/\/jugmall.hr\/wp-content\/uploads\/2022\/05\/Cinefun-E4-e1652276778259-300x96.png 300w, https:\/\/jugmall.hr\/wp-content\/uploads\/2022\/05\/Cinefun-E4-e1652276778259-768x246.png 768w, https:\/\/jugmall.hr\/wp-content\/uploads\/2022\/05\/Cinefun-E4-e1652276778259-18x6.png 18w\" sizes=\"(max-width: 920px) 100vw, 920px\" \/>\t\t\t\t\t\t\t\t\t\t\t\t\t\t\t<\/div>\n\t\t\t\t<\/div>\n\t\t\t\t<div class=\"elementor-element elementor-element-77f7a67f elementor-widget elementor-widget-spacer\" data-id=\"77f7a67f\" data-element_type=\"widget\" data-e-type=\"widget\" data-widget_type=\"spacer.default\">\n\t\t\t\t<div class=\"elementor-widget-container\">\n\t\t\t\t\t\t\t<div class=\"elementor-spacer\">\n\t\t\t<div class=\"elementor-spacer-inner\"><\/div>\n\t\t<\/div>\n\t\t\t\t\t\t<\/div>\n\t\t\t\t<\/div>\n\t\t\t\t<div class=\"elementor-element elementor-element-4865c389 elementor-widget elementor-widget-heading\" data-id=\"4865c389\" data-element_type=\"widget\" data-e-type=\"widget\" data-widget_type=\"heading.default\">\n\t\t\t\t<div class=\"elementor-widget-container\">\n\t\t\t\t\t<h2 class=\"elementor-heading-title elementor-size-default\"><a href=\"#vise\">SAZNAJ VI\u0160E<\/a><\/h2>\t\t\t\t<\/div>\n\t\t\t\t<\/div>\n\t\t\t\t<div class=\"elementor-element elementor-element-6da9d1a5 elementor-view-default elementor-widget elementor-widget-icon\" data-id=\"6da9d1a5\" data-element_type=\"widget\" data-e-type=\"widget\" data-widget_type=\"icon.default\">\n\t\t\t\t<div class=\"elementor-widget-container\">\n\t\t\t\t\t\t\t<div class=\"elementor-icon-wrapper\">\n\t\t\t<a class=\"elementor-icon\" href=\"#vise\">\n\t\t\t<i aria-hidden=\"true\" class=\"fas fa-angle-down\"><\/i>\t\t\t<\/a>\n\t\t<\/div>\n\t\t\t\t\t\t<\/div>\n\t\t\t\t<\/div>\n\t\t\t\t\t<\/div>\n\t\t<\/div>\n\t\t\t\t\t<\/div>\n\t\t<\/section>\n\t\t\t\t<section class=\"elementor-section elementor-top-section elementor-element elementor-element-619002c elementor-section-boxed elementor-section-height-default elementor-section-height-default\" data-id=\"619002c\" data-element_type=\"section\" data-e-type=\"section\">\n\t\t\t\t\t\t<div class=\"elementor-container elementor-column-gap-no\">\n\t\t\t\t\t<div class=\"elementor-column elementor-col-100 elementor-top-column elementor-element elementor-element-323844ab\" data-id=\"323844ab\" data-element_type=\"column\" data-e-type=\"column\">\n\t\t\t<div class=\"elementor-widget-wrap elementor-element-populated\">\n\t\t\t\t\t\t<div class=\"elementor-element elementor-element-4b178043 elementor-widget elementor-widget-spacer\" data-id=\"4b178043\" data-element_type=\"widget\" data-e-type=\"widget\" data-widget_type=\"spacer.default\">\n\t\t\t\t<div class=\"elementor-widget-container\">\n\t\t\t\t\t\t\t<div class=\"elementor-spacer\">\n\t\t\t<div class=\"elementor-spacer-inner\"><\/div>\n\t\t<\/div>\n\t\t\t\t\t\t<\/div>\n\t\t\t\t<\/div>\n\t\t\t\t\t<\/div>\n\t\t<\/div>\n\t\t\t\t\t<\/div>\n\t\t<\/section>\n\t\t\t\t<section class=\"elementor-section elementor-top-section elementor-element elementor-element-33258cdb elementor-section-boxed elementor-section-height-default elementor-section-height-default\" data-id=\"33258cdb\" data-element_type=\"section\" data-e-type=\"section\">\n\t\t\t\t\t\t<div class=\"elementor-container elementor-column-gap-default\">\n\t\t\t\t\t<div class=\"elementor-column elementor-col-50 elementor-top-column elementor-element elementor-element-1fa40ad5\" data-id=\"1fa40ad5\" data-element_type=\"column\" data-e-type=\"column\">\n\t\t\t<div class=\"elementor-widget-wrap elementor-element-populated\">\n\t\t\t\t\t\t<div class=\"elementor-element elementor-element-45c8950c elementor-view-default elementor-widget elementor-widget-icon\" data-id=\"45c8950c\" data-element_type=\"widget\" data-e-type=\"widget\" data-widget_type=\"icon.default\">\n\t\t\t\t<div class=\"elementor-widget-container\">\n\t\t\t\t\t\t\t<div class=\"elementor-icon-wrapper\">\n\t\t\t<a class=\"elementor-icon\" href=\"mailto:info@cineandplay.com\">\n\t\t\t<svg xmlns=\"http:\/\/www.w3.org\/2000\/svg\" width=\"75\" height=\"75\" viewbox=\"0 0 75 75\"><g id=\"Group_119\" data-name=\"Group 119\" transform=\"translate(-1023 -3123)\"><circle id=\"Ellipse_7\" data-name=\"Ellipse 7\" cx=\"37.5\" cy=\"37.5\" r=\"37.5\" transform=\"translate(1023 3123)\" fill=\"#f15a29\"><\/circle><g id=\"mail\" transform=\"translate(1037.584 3144.678)\"><g id=\"Group_42\" data-name=\"Group 42\" transform=\"translate(30.961 2.261)\"><g id=\"Group_41\" data-name=\"Group 41\" transform=\"translate(0 0)\"><path id=\"Path_346\" data-name=\"Path 346\" d=\"M365.861,101.721l-13.65,13.562,13.65,13.562a3.91,3.91,0,0,0,.4-1.695V103.416A3.909,3.909,0,0,0,365.861,101.721Z\" transform=\"translate(-352.211 -101.721)\" fill=\"#fff\"><\/path><\/g><\/g><g id=\"Group_44\" data-name=\"Group 44\" transform=\"translate(2.261 0)\"><g id=\"Group_43\" data-name=\"Group 43\" transform=\"translate(0 0)\"><path id=\"Path_347\" data-name=\"Path 347\" d=\"M64.512,76h-37.1a3.91,3.91,0,0,0-1.695.4L43.167,93.754a3.959,3.959,0,0,0,5.594,0L66.206,76.4A3.91,3.91,0,0,0,64.512,76Z\" transform=\"translate(-25.721 -76)\" fill=\"#fff\"><\/path><\/g><\/g><g id=\"Group_46\" data-name=\"Group 46\" transform=\"translate(0 2.261)\"><g id=\"Group_45\" data-name=\"Group 45\" transform=\"translate(0 0)\"><path id=\"Path_348\" data-name=\"Path 348\" d=\"M.4,101.721a3.91,3.91,0,0,0-.4,1.695V127.15a3.91,3.91,0,0,0,.4,1.695l13.65-13.562Z\" transform=\"translate(0 -101.721)\" fill=\"#fff\"><\/path><\/g><\/g><g id=\"Group_48\" data-name=\"Group 48\" transform=\"translate(2.261 17.687)\"><g id=\"Group_47\" data-name=\"Group 47\"><path id=\"Path_349\" data-name=\"Path 349\" d=\"M52.557,277.211l-1.932,1.932a6.6,6.6,0,0,1-9.323,0l-1.931-1.932-13.65,13.562a3.91,3.91,0,0,0,1.695.4h37.1a3.91,3.91,0,0,0,1.695-.4Z\" transform=\"translate(-25.721 -277.211)\" fill=\"#fff\"><\/path><\/g><\/g><\/g><\/g><\/svg>\t\t\t<\/a>\n\t\t<\/div>\n\t\t\t\t\t\t<\/div>\n\t\t\t\t<\/div>\n\t\t\t\t<div class=\"elementor-element elementor-element-2618a51d elementor-widget elementor-widget-heading\" data-id=\"2618a51d\" data-element_type=\"widget\" data-e-type=\"widget\" data-widget_type=\"heading.default\">\n\t\t\t\t<div class=\"elementor-widget-container\">\n\t\t\t\t\t<h2 class=\"elementor-heading-title elementor-size-default\"><a href=\"mailto:info@cineandplay.com\">info@cineandplay.com<\/a><\/h2>\t\t\t\t<\/div>\n\t\t\t\t<\/div>\n\t\t\t\t\t<\/div>\n\t\t<\/div>\n\t\t\t\t<div class=\"elementor-column elementor-col-50 elementor-top-column elementor-element elementor-element-54e9f8c1\" data-id=\"54e9f8c1\" data-element_type=\"column\" data-e-type=\"column\">\n\t\t\t<div class=\"elementor-widget-wrap elementor-element-populated\">\n\t\t\t\t\t\t<div class=\"elementor-element elementor-element-5800df65 elementor-view-default elementor-widget elementor-widget-icon\" data-id=\"5800df65\" data-element_type=\"widget\" data-e-type=\"widget\" data-widget_type=\"icon.default\">\n\t\t\t\t<div class=\"elementor-widget-container\">\n\t\t\t\t\t\t\t<div class=\"elementor-icon-wrapper\">\n\t\t\t<a class=\"elementor-icon\" href=\"tel:040%20550%20061\">\n\t\t\t<svg xmlns=\"http:\/\/www.w3.org\/2000\/svg\" id=\"phone-call\" width=\"75\" height=\"75\" viewbox=\"0 0 75 75\"><g id=\"Group_49\" data-name=\"Group 49\"><path id=\"Path_350\" data-name=\"Path 350\" d=\"M64.012,10.979A37.5,37.5,0,1,0,75,37.492,37.5,37.5,0,0,0,64.012,10.979Zm-7.22,41.258,0,0v-.012l-1.9,1.887a10,10,0,0,1-9.438,2.7,33.228,33.228,0,0,1-9.65-4.325,44.586,44.586,0,0,1-7.612-6.138,44.928,44.928,0,0,1-5.688-6.9,35,35,0,0,1-4.275-8.65,10,10,0,0,1,2.5-10.212l2.225-2.225a1.587,1.587,0,0,1,2.245,0l0,0,7.025,7.025a1.587,1.587,0,0,1,0,2.245l0,0L28.1,31.767a3.362,3.362,0,0,0-.35,4.375A48.242,48.242,0,0,0,32.687,41.9a47.947,47.947,0,0,0,6.5,5.463,3.387,3.387,0,0,0,4.325-.375l3.987-4.05a1.587,1.587,0,0,1,2.245,0l0,0,7.038,7.05A1.587,1.587,0,0,1,56.792,52.237Z\" transform=\"translate(0 0)\" fill=\"#f15a29\"><\/path><path id=\"Path_352\" data-name=\"Path 352\" d=\"M56.792,52.237l0,0v-.012l-1.9,1.887a10,10,0,0,1-9.438,2.7,33.228,33.228,0,0,1-9.65-4.325,44.586,44.586,0,0,1-7.612-6.138,44.928,44.928,0,0,1-5.688-6.9,35,35,0,0,1-4.275-8.65,10,10,0,0,1,2.5-10.212l2.225-2.225a1.587,1.587,0,0,1,2.245,0l0,0,7.025,7.025a1.587,1.587,0,0,1,0,2.245l0,0L28.1,31.767a3.362,3.362,0,0,0-.35,4.375A48.242,48.242,0,0,0,32.687,41.9a47.947,47.947,0,0,0,6.5,5.463,3.387,3.387,0,0,0,4.325-.375l3.987-4.05a1.587,1.587,0,0,1,2.245,0l0,0,7.038,7.05A1.587,1.587,0,0,1,56.792,52.237Z\" transform=\"translate(0.004 0.005)\" fill=\"#fff\"><\/path><\/g><\/svg>\t\t\t<\/a>\n\t\t<\/div>\n\t\t\t\t\t\t<\/div>\n\t\t\t\t<\/div>\n\t\t\t\t<div class=\"elementor-element elementor-element-363117e0 elementor-widget elementor-widget-heading\" data-id=\"363117e0\" data-element_type=\"widget\" data-e-type=\"widget\" data-widget_type=\"heading.default\">\n\t\t\t\t<div class=\"elementor-widget-container\">\n\t\t\t\t\t<h2 class=\"elementor-heading-title elementor-size-default\"><a href=\"tel:040%20550%20060\">Cine &amp; Fun: 040 341 067<\/a><\/h2>\t\t\t\t<\/div>\n\t\t\t\t<\/div>\n\t\t\t\t\t<\/div>\n\t\t<\/div>\n\t\t\t\t\t<\/div>\n\t\t<\/section>\n\t\t\t\t<section class=\"elementor-section elementor-top-section elementor-element elementor-element-4623832b elementor-section-boxed elementor-section-height-default elementor-section-height-default\" data-id=\"4623832b\" data-element_type=\"section\" data-e-type=\"section\">\n\t\t\t\t\t\t<div class=\"elementor-container elementor-column-gap-no\">\n\t\t\t\t\t<div class=\"elementor-column elementor-col-100 elementor-top-column elementor-element elementor-element-7657918c\" data-id=\"7657918c\" data-element_type=\"column\" data-e-type=\"column\">\n\t\t\t<div class=\"elementor-widget-wrap elementor-element-populated\">\n\t\t\t\t\t\t<div class=\"elementor-element elementor-element-7e790166 elementor-widget elementor-widget-menu-anchor\" data-id=\"7e790166\" data-element_type=\"widget\" data-e-type=\"widget\" data-widget_type=\"menu-anchor.default\">\n\t\t\t\t<div class=\"elementor-widget-container\">\n\t\t\t\t\t\t\t<div class=\"elementor-menu-anchor\" id=\"vise\"><\/div>\n\t\t\t\t\t\t<\/div>\n\t\t\t\t<\/div>\n\t\t\t\t<div class=\"elementor-element elementor-element-7d7abce8 elementor-widget elementor-widget-spacer\" data-id=\"7d7abce8\" data-element_type=\"widget\" data-e-type=\"widget\" data-widget_type=\"spacer.default\">\n\t\t\t\t<div class=\"elementor-widget-container\">\n\t\t\t\t\t\t\t<div class=\"elementor-spacer\">\n\t\t\t<div class=\"elementor-spacer-inner\"><\/div>\n\t\t<\/div>\n\t\t\t\t\t\t<\/div>\n\t\t\t\t<\/div>\n\t\t\t\t<div class=\"elementor-element elementor-element-87368fa elementor-widget elementor-widget-image\" data-id=\"87368fa\" data-element_type=\"widget\" data-e-type=\"widget\" data-widget_type=\"image.default\">\n\t\t\t\t<div class=\"elementor-widget-container\">\n\t\t\t\t\t\t\t\t\t\t\t\t\t\t\t<img decoding=\"async\" width=\"1200\" height=\"700\" src=\"https:\/\/jugmall.hr\/wp-content\/uploads\/2026\/01\/CNF_99EUR_web_1200x700px-1.jpg\" class=\"attachment-ocean-thumb-l size-ocean-thumb-l wp-image-5704\" alt=\"\" srcset=\"https:\/\/jugmall.hr\/wp-content\/uploads\/2026\/01\/CNF_99EUR_web_1200x700px-1.jpg 1200w, https:\/\/jugmall.hr\/wp-content\/uploads\/2026\/01\/CNF_99EUR_web_1200x700px-1-300x175.jpg 300w, https:\/\/jugmall.hr\/wp-content\/uploads\/2026\/01\/CNF_99EUR_web_1200x700px-1-1024x597.jpg 1024w, https:\/\/jugmall.hr\/wp-content\/uploads\/2026\/01\/CNF_99EUR_web_1200x700px-1-768x448.jpg 768w, https:\/\/jugmall.hr\/wp-content\/uploads\/2026\/01\/CNF_99EUR_web_1200x700px-1-18x12.jpg 18w\" sizes=\"(max-width: 1200px) 100vw, 1200px\" \/>\t\t\t\t\t\t\t\t\t\t\t\t\t\t\t<\/div>\n\t\t\t\t<\/div>\n\t\t\t\t<div class=\"elementor-element elementor-element-eb129ed elementor-widget elementor-widget-spacer\" data-id=\"eb129ed\" data-element_type=\"widget\" data-e-type=\"widget\" data-widget_type=\"spacer.default\">\n\t\t\t\t<div class=\"elementor-widget-container\">\n\t\t\t\t\t\t\t<div class=\"elementor-spacer\">\n\t\t\t<div class=\"elementor-spacer-inner\"><\/div>\n\t\t<\/div>\n\t\t\t\t\t\t<\/div>\n\t\t\t\t<\/div>\n\t\t\t\t<div class=\"elementor-element elementor-element-390c178c elementor-widget elementor-widget-heading\" data-id=\"390c178c\" data-element_type=\"widget\" data-e-type=\"widget\" data-widget_type=\"heading.default\">\n\t\t\t\t<div class=\"elementor-widget-container\">\n\t\t\t\t\t<h2 class=\"elementor-heading-title elementor-size-default\">O NAMA:<\/h2>\t\t\t\t<\/div>\n\t\t\t\t<\/div>\n\t\t\t\t<div class=\"elementor-element elementor-element-7916b93c elementor-widget elementor-widget-spacer\" data-id=\"7916b93c\" data-element_type=\"widget\" data-e-type=\"widget\" data-widget_type=\"spacer.default\">\n\t\t\t\t<div class=\"elementor-widget-container\">\n\t\t\t\t\t\t\t<div class=\"elementor-spacer\">\n\t\t\t<div class=\"elementor-spacer-inner\"><\/div>\n\t\t<\/div>\n\t\t\t\t\t\t<\/div>\n\t\t\t\t<\/div>\n\t\t\t\t<div class=\"elementor-element elementor-element-37fef35 elementor-widget elementor-widget-text-editor\" data-id=\"37fef35\" data-element_type=\"widget\" data-e-type=\"widget\" data-widget_type=\"text-editor.default\">\n\t\t\t\t<div class=\"elementor-widget-container\">\n\t\t\t\t\t\t\t\t\t<p>Cine&amp;Fun &#8211; gdje je zabava glavni plan!<\/p><p>Novi koncept zabave za cijelu obitelj uz poslovnu zonu, Cine&amp;Fun otvorio je svoju prvu lokaciju u \u010cakovcu.<\/p><p>Kino, dje\u010dja igraonica, multimedijalna dvorana, event centar i jo\u0161 mnogo toga, u cjelini tvore Cine&amp;Fun zonu zabave, inovacije i posebnih do\u017eivljaja.<\/p><p>Tematski zabavni sadr\u017eaji prote\u017eu se na preko 300 m2, a animatorski tim do\u010dekuje mali\u0161ane na igri, proslavama ro\u0111endana, kreativnim programima, predstavama i dr.<br \/>U\u0111ite u dje\u010dji svijet iz budu\u0107nosti gdje se s vama igraju droidi i roboti, a okoli\u0161 je kao iz fimova znanstvene fantastike.<\/p><p>Cine&amp;Fun kino dvorana opremljena je najnovijim tehnologijama- atraktivnog dizajna i bogatim filmskim programom o\u010dekuje svoje prve gledaoce uz najfinije kokice u gradu te ostalu gastro ponudu.<br \/>Ne propustite top ponudu dje\u010djih ro\u0111endana u kinu, ponudu za obitelji i grupe, studente i umirovljenike.<br \/>Moderne tehnologije omogu\u0107uju zabavu i kada dvorana nije u filmskoj &#8220;pri\u010di&#8221;, raznolike konzolne igre i digitalni sadr\u017eaji zabaviti \u0107e i najzahtjevnije zaljubljenike u multimediju.<\/p><p>Cine&amp;Fun pomno bira sadr\u017eaj za svoje posjetitelje i osigurava najbolju zabavu za sve uzraste.<\/p><p>U potrazi ste za idealnim prostorom za prezentaciju svojih usluga, proizvoda, edukacije ili team building? Prezentacija nove knjige ili stand up-moderno opremljen prostor dvorane, sa svim potrebnim sadr\u017eajem, osigurava va\u0161em poslovanju boost kojeg tra\u017eite.<\/p><p>Najmodernije tehnologije zajedno s Cine&amp;Fun osobljem osigurati \u0107e Vam novu dimenziju zabave i do\u017eivljaja koje ne smijete propustiti!<\/p>\t\t\t\t\t\t\t\t<\/div>\n\t\t\t\t<\/div>\n\t\t\t\t\t<\/div>\n\t\t<\/div>\n\t\t\t\t\t<\/div>\n\t\t<\/section>\n\t\t\t\t<section class=\"elementor-section elementor-top-section elementor-element elementor-element-4e821908 elementor-section-boxed elementor-section-height-default elementor-section-height-default\" data-id=\"4e821908\" data-element_type=\"section\" data-e-type=\"section\">\n\t\t\t\t\t\t<div class=\"elementor-container elementor-column-gap-no\">\n\t\t\t\t\t<div class=\"elementor-column elementor-col-100 elementor-top-column elementor-element elementor-element-4a99fee6\" data-id=\"4a99fee6\" data-element_type=\"column\" data-e-type=\"column\">\n\t\t\t<div class=\"elementor-widget-wrap elementor-element-populated\">\n\t\t\t\t\t\t<div class=\"elementor-element elementor-element-6285e718 elementor-widget elementor-widget-spacer\" data-id=\"6285e718\" data-element_type=\"widget\" data-e-type=\"widget\" data-widget_type=\"spacer.default\">\n\t\t\t\t<div class=\"elementor-widget-container\">\n\t\t\t\t\t\t\t<div class=\"elementor-spacer\">\n\t\t\t<div class=\"elementor-spacer-inner\"><\/div>\n\t\t<\/div>\n\t\t\t\t\t\t<\/div>\n\t\t\t\t<\/div>\n\t\t\t\t<div class=\"elementor-element elementor-element-1972cee8 elementor-widget elementor-widget-heading\" data-id=\"1972cee8\" data-element_type=\"widget\" data-e-type=\"widget\" data-widget_type=\"heading.default\">\n\t\t\t\t<div class=\"elementor-widget-container\">\n\t\t\t\t\t<h2 class=\"elementor-heading-title elementor-size-default\">RADNO VRIJEME:<\/h2>\t\t\t\t<\/div>\n\t\t\t\t<\/div>\n\t\t\t\t<div class=\"elementor-element elementor-element-34f7bc1b elementor-widget elementor-widget-spacer\" data-id=\"34f7bc1b\" data-element_type=\"widget\" data-e-type=\"widget\" data-widget_type=\"spacer.default\">\n\t\t\t\t<div class=\"elementor-widget-container\">\n\t\t\t\t\t\t\t<div class=\"elementor-spacer\">\n\t\t\t<div class=\"elementor-spacer-inner\"><\/div>\n\t\t<\/div>\n\t\t\t\t\t\t<\/div>\n\t\t\t\t<\/div>\n\t\t\t\t<div class=\"elementor-element elementor-element-34163b8e elementor-widget elementor-widget-text-editor\" data-id=\"34163b8e\" data-element_type=\"widget\" data-e-type=\"widget\" data-widget_type=\"text-editor.default\">\n\t\t\t\t<div class=\"elementor-widget-container\">\n\t\t\t\t\t\t\t\t\t<p>Svaki dan od 9:00 do 21:00<\/p>\t\t\t\t\t\t\t\t<\/div>\n\t\t\t\t<\/div>\n\t\t\t\t<div class=\"elementor-element elementor-element-238bfc2b elementor-widget elementor-widget-spacer\" data-id=\"238bfc2b\" data-element_type=\"widget\" data-e-type=\"widget\" data-widget_type=\"spacer.default\">\n\t\t\t\t<div class=\"elementor-widget-container\">\n\t\t\t\t\t\t\t<div class=\"elementor-spacer\">\n\t\t\t<div class=\"elementor-spacer-inner\"><\/div>\n\t\t<\/div>\n\t\t\t\t\t\t<\/div>\n\t\t\t\t<\/div>\n\t\t\t\t\t<\/div>\n\t\t<\/div>\n\t\t\t\t\t<\/div>\n\t\t<\/section>\n\t\t\t\t<\/div>","protected":false},"excerpt":{"rendered":"<p>SAZNAJ VI\u0160E info@cineandplay.com Cine &amp; Fun: 040 341 067 O NAMA: Cine&amp;Fun &#8211; gdje je zabava glavni plan! Novi koncept zabave za cijelu obitelj uz poslovnu zonu, Cine&amp;Fun otvorio je svoju prvu lokaciju u \u010cakovcu. Kino, dje\u010dja igraonica, multimedijalna dvorana, event centar i jo\u0161 mnogo toga, u cjelini tvore Cine&amp;Fun zonu zabave, inovacije i posebnih [&hellip;]<\/p>\n","protected":false},"author":4,"featured_media":0,"parent":512,"menu_order":0,"comment_status":"closed","ping_status":"closed","template":"","meta":{"inline_featured_image":false,"ocean_post_layout":"","ocean_both_sidebars_style":"","ocean_both_sidebars_content_width":0,"ocean_both_sidebars_sidebars_width":0,"ocean_sidebar":"0","ocean_second_sidebar":"0","ocean_disable_margins":"enable","ocean_add_body_class":"","ocean_shortcode_before_top_bar":"","ocean_shortcode_after_top_bar":"","ocean_shortcode_before_header":"","ocean_shortcode_after_header":"","ocean_has_shortcode":"","ocean_shortcode_after_title":"","ocean_shortcode_before_footer_widgets":"","ocean_shortcode_after_footer_widgets":"","ocean_shortcode_before_footer_bottom":"","ocean_shortcode_after_footer_bottom":"","ocean_display_top_bar":"default","ocean_display_header":"default","ocean_header_style":"","ocean_center_header_left_menu":"0","ocean_custom_header_template":"0","ocean_custom_logo":0,"ocean_custom_retina_logo":0,"ocean_custom_logo_max_width":0,"ocean_custom_logo_tablet_max_width":0,"ocean_custom_logo_mobile_max_width":0,"ocean_custom_logo_max_height":0,"ocean_custom_logo_tablet_max_height":0,"ocean_custom_logo_mobile_max_height":0,"ocean_header_custom_menu":"0","ocean_menu_typo_font_family":"0","ocean_menu_typo_font_subset":"","ocean_menu_typo_font_size":0,"ocean_menu_typo_font_size_tablet":0,"ocean_menu_typo_font_size_mobile":0,"ocean_menu_typo_font_size_unit":"px","ocean_menu_typo_font_weight":"","ocean_menu_typo_font_weight_tablet":"","ocean_menu_typo_font_weight_mobile":"","ocean_menu_typo_transform":"","ocean_menu_typo_transform_tablet":"","ocean_menu_typo_transform_mobile":"","ocean_menu_typo_line_height":0,"ocean_menu_typo_line_height_tablet":0,"ocean_menu_typo_line_height_mobile":0,"ocean_menu_typo_line_height_unit":"","ocean_menu_typo_spacing":0,"ocean_menu_typo_spacing_tablet":0,"ocean_menu_typo_spacing_mobile":0,"ocean_menu_typo_spacing_unit":"","ocean_menu_link_color":"","ocean_menu_link_color_hover":"","ocean_menu_link_color_active":"","ocean_menu_link_background":"","ocean_menu_link_hover_background":"","ocean_menu_link_active_background":"","ocean_menu_social_links_bg":"","ocean_menu_social_hover_links_bg":"","ocean_menu_social_links_color":"","ocean_menu_social_hover_links_color":"","ocean_disable_title":"default","ocean_disable_heading":"default","ocean_post_title":"","ocean_post_subheading":"","ocean_post_title_style":"","ocean_post_title_background_color":"","ocean_post_title_background":0,"ocean_post_title_bg_image_position":"","ocean_post_title_bg_image_attachment":"","ocean_post_title_bg_image_repeat":"","ocean_post_title_bg_image_size":"","ocean_post_title_height":0,"ocean_post_title_bg_overlay":0.5,"ocean_post_title_bg_overlay_color":"","ocean_disable_breadcrumbs":"default","ocean_breadcrumbs_color":"","ocean_breadcrumbs_separator_color":"","ocean_breadcrumbs_links_color":"","ocean_breadcrumbs_links_hover_color":"","ocean_display_footer_widgets":"default","ocean_display_footer_bottom":"default","ocean_custom_footer_template":"0","footnotes":""},"class_list":["post-516","page","type-page","status-publish","hentry","entry"],"_links":{"self":[{"href":"https:\/\/jugmall.hr\/en\/wp-json\/wp\/v2\/pages\/516","targetHints":{"allow":["GET"]}}],"collection":[{"href":"https:\/\/jugmall.hr\/en\/wp-json\/wp\/v2\/pages"}],"about":[{"href":"https:\/\/jugmall.hr\/en\/wp-json\/wp\/v2\/types\/page"}],"author":[{"embeddable":true,"href":"https:\/\/jugmall.hr\/en\/wp-json\/wp\/v2\/users\/4"}],"replies":[{"embeddable":true,"href":"https:\/\/jugmall.hr\/en\/wp-json\/wp\/v2\/comments?post=516"}],"version-history":[{"count":32,"href":"https:\/\/jugmall.hr\/en\/wp-json\/wp\/v2\/pages\/516\/revisions"}],"predecessor-version":[{"id":5707,"href":"https:\/\/jugmall.hr\/en\/wp-json\/wp\/v2\/pages\/516\/revisions\/5707"}],"up":[{"embeddable":true,"href":"https:\/\/jugmall.hr\/en\/wp-json\/wp\/v2\/pages\/512"}],"wp:attachment":[{"href":"https:\/\/jugmall.hr\/en\/wp-json\/wp\/v2\/media?parent=516"}],"curies":[{"name":"wp","href":"https:\/\/api.w.org\/{rel}","templated":true}]}}