{"id":518,"date":"2021-07-13T11:14:15","date_gmt":"2021-07-13T11:14:15","guid":{"rendered":"https:\/\/jugmall.hr\/?page_id=518"},"modified":"2021-12-07T15:29:44","modified_gmt":"2021-12-07T15:29:44","slug":"pepco","status":"publish","type":"page","link":"https:\/\/jugmall.hr\/en\/trgovine\/pepco\/","title":{"rendered":"Pepco"},"content":{"rendered":"<div data-elementor-type=\"wp-page\" data-elementor-id=\"518\" class=\"elementor elementor-518\">\n\t\t\t\t\t\t<section class=\"elementor-section elementor-top-section elementor-element elementor-element-4287001d elementor-section-height-min-height elementor-reverse-tablet elementor-reverse-mobile elementor-section-boxed elementor-section-height-default elementor-section-items-middle\" data-id=\"4287001d\" data-element_type=\"section\" data-e-type=\"section\" data-settings=\"{&quot;background_background&quot;:&quot;classic&quot;}\">\n\t\t\t\t\t\t<div class=\"elementor-container elementor-column-gap-no\">\n\t\t\t\t\t<div class=\"elementor-column elementor-col-100 elementor-top-column elementor-element elementor-element-466eb654\" data-id=\"466eb654\" data-element_type=\"column\" data-e-type=\"column\">\n\t\t\t<div class=\"elementor-widget-wrap elementor-element-populated\">\n\t\t\t\t\t\t<div class=\"elementor-element elementor-element-a1fd1bc elementor-widget elementor-widget-spacer\" data-id=\"a1fd1bc\" data-element_type=\"widget\" data-e-type=\"widget\" data-widget_type=\"spacer.default\">\n\t\t\t\t<div class=\"elementor-widget-container\">\n\t\t\t\t\t\t\t<div class=\"elementor-spacer\">\n\t\t\t<div class=\"elementor-spacer-inner\"><\/div>\n\t\t<\/div>\n\t\t\t\t\t\t<\/div>\n\t\t\t\t<\/div>\n\t\t\t\t<div class=\"elementor-element elementor-element-3eb273a2 elementor-widget elementor-widget-image\" data-id=\"3eb273a2\" data-element_type=\"widget\" data-e-type=\"widget\" data-widget_type=\"image.default\">\n\t\t\t\t<div class=\"elementor-widget-container\">\n\t\t\t\t\t\t\t\t\t\t\t\t\t\t\t<img decoding=\"async\" width=\"1\" height=\"1\" src=\"https:\/\/jugmall.hr\/wp-content\/uploads\/2021\/06\/Pepco.svg\" class=\"attachment-large size-large wp-image-828\" alt=\"\" \/>\t\t\t\t\t\t\t\t\t\t\t\t\t\t\t<\/div>\n\t\t\t\t<\/div>\n\t\t\t\t<div class=\"elementor-element elementor-element-7a89b74f elementor-widget elementor-widget-spacer\" data-id=\"7a89b74f\" data-element_type=\"widget\" data-e-type=\"widget\" data-widget_type=\"spacer.default\">\n\t\t\t\t<div class=\"elementor-widget-container\">\n\t\t\t\t\t\t\t<div class=\"elementor-spacer\">\n\t\t\t<div class=\"elementor-spacer-inner\"><\/div>\n\t\t<\/div>\n\t\t\t\t\t\t<\/div>\n\t\t\t\t<\/div>\n\t\t\t\t<div class=\"elementor-element elementor-element-749f914c elementor-widget elementor-widget-heading\" data-id=\"749f914c\" data-element_type=\"widget\" data-e-type=\"widget\" data-widget_type=\"heading.default\">\n\t\t\t\t<div class=\"elementor-widget-container\">\n\t\t\t\t\t<h2 class=\"elementor-heading-title elementor-size-default\"><a href=\"#vise\">SAZNAJ VI\u0160E<\/a><\/h2>\t\t\t\t<\/div>\n\t\t\t\t<\/div>\n\t\t\t\t<div class=\"elementor-element elementor-element-314660a7 elementor-view-default elementor-widget elementor-widget-icon\" data-id=\"314660a7\" data-element_type=\"widget\" data-e-type=\"widget\" data-widget_type=\"icon.default\">\n\t\t\t\t<div class=\"elementor-widget-container\">\n\t\t\t\t\t\t\t<div class=\"elementor-icon-wrapper\">\n\t\t\t<a class=\"elementor-icon\" href=\"#vise\">\n\t\t\t<i aria-hidden=\"true\" class=\"fas fa-angle-down\"><\/i>\t\t\t<\/a>\n\t\t<\/div>\n\t\t\t\t\t\t<\/div>\n\t\t\t\t<\/div>\n\t\t\t\t\t<\/div>\n\t\t<\/div>\n\t\t\t\t\t<\/div>\n\t\t<\/section>\n\t\t\t\t<section class=\"elementor-section elementor-top-section elementor-element elementor-element-7199ba23 elementor-section-boxed elementor-section-height-default elementor-section-height-default\" data-id=\"7199ba23\" data-element_type=\"section\" data-e-type=\"section\">\n\t\t\t\t\t\t<div class=\"elementor-container elementor-column-gap-no\">\n\t\t\t\t\t<div class=\"elementor-column elementor-col-100 elementor-top-column elementor-element elementor-element-2591383c\" data-id=\"2591383c\" data-element_type=\"column\" data-e-type=\"column\">\n\t\t\t<div class=\"elementor-widget-wrap elementor-element-populated\">\n\t\t\t\t\t\t<div class=\"elementor-element elementor-element-34ee0c45 elementor-widget elementor-widget-spacer\" data-id=\"34ee0c45\" data-element_type=\"widget\" data-e-type=\"widget\" data-widget_type=\"spacer.default\">\n\t\t\t\t<div class=\"elementor-widget-container\">\n\t\t\t\t\t\t\t<div class=\"elementor-spacer\">\n\t\t\t<div class=\"elementor-spacer-inner\"><\/div>\n\t\t<\/div>\n\t\t\t\t\t\t<\/div>\n\t\t\t\t<\/div>\n\t\t\t\t\t<\/div>\n\t\t<\/div>\n\t\t\t\t\t<\/div>\n\t\t<\/section>\n\t\t\t\t<section class=\"elementor-section elementor-top-section elementor-element elementor-element-7d6480b3 elementor-section-boxed elementor-section-height-default elementor-section-height-default\" data-id=\"7d6480b3\" data-element_type=\"section\" data-e-type=\"section\">\n\t\t\t\t\t\t<div class=\"elementor-container elementor-column-gap-default\">\n\t\t\t\t\t<div class=\"elementor-column elementor-col-100 elementor-top-column elementor-element elementor-element-1a24086a\" data-id=\"1a24086a\" data-element_type=\"column\" data-e-type=\"column\">\n\t\t\t<div class=\"elementor-widget-wrap elementor-element-populated\">\n\t\t\t\t\t\t<div class=\"elementor-element elementor-element-6745fa36 elementor-view-default elementor-widget elementor-widget-icon\" data-id=\"6745fa36\" data-element_type=\"widget\" data-e-type=\"widget\" data-widget_type=\"icon.default\">\n\t\t\t\t<div class=\"elementor-widget-container\">\n\t\t\t\t\t\t\t<div class=\"elementor-icon-wrapper\">\n\t\t\t<a class=\"elementor-icon\" href=\"mailto:info.hrsi@pepco.eu\">\n\t\t\t<svg xmlns=\"http:\/\/www.w3.org\/2000\/svg\" width=\"75\" height=\"75\" viewbox=\"0 0 75 75\"><g id=\"Group_119\" data-name=\"Group 119\" transform=\"translate(-1023 -3123)\"><circle id=\"Ellipse_7\" data-name=\"Ellipse 7\" cx=\"37.5\" cy=\"37.5\" r=\"37.5\" transform=\"translate(1023 3123)\" fill=\"#f15a29\"><\/circle><g id=\"mail\" transform=\"translate(1037.584 3144.678)\"><g id=\"Group_42\" data-name=\"Group 42\" transform=\"translate(30.961 2.261)\"><g id=\"Group_41\" data-name=\"Group 41\" transform=\"translate(0 0)\"><path id=\"Path_346\" data-name=\"Path 346\" d=\"M365.861,101.721l-13.65,13.562,13.65,13.562a3.91,3.91,0,0,0,.4-1.695V103.416A3.909,3.909,0,0,0,365.861,101.721Z\" transform=\"translate(-352.211 -101.721)\" fill=\"#fff\"><\/path><\/g><\/g><g id=\"Group_44\" data-name=\"Group 44\" transform=\"translate(2.261 0)\"><g id=\"Group_43\" data-name=\"Group 43\" transform=\"translate(0 0)\"><path id=\"Path_347\" data-name=\"Path 347\" d=\"M64.512,76h-37.1a3.91,3.91,0,0,0-1.695.4L43.167,93.754a3.959,3.959,0,0,0,5.594,0L66.206,76.4A3.91,3.91,0,0,0,64.512,76Z\" transform=\"translate(-25.721 -76)\" fill=\"#fff\"><\/path><\/g><\/g><g id=\"Group_46\" data-name=\"Group 46\" transform=\"translate(0 2.261)\"><g id=\"Group_45\" data-name=\"Group 45\" transform=\"translate(0 0)\"><path id=\"Path_348\" data-name=\"Path 348\" d=\"M.4,101.721a3.91,3.91,0,0,0-.4,1.695V127.15a3.91,3.91,0,0,0,.4,1.695l13.65-13.562Z\" transform=\"translate(0 -101.721)\" fill=\"#fff\"><\/path><\/g><\/g><g id=\"Group_48\" data-name=\"Group 48\" transform=\"translate(2.261 17.687)\"><g id=\"Group_47\" data-name=\"Group 47\"><path id=\"Path_349\" data-name=\"Path 349\" d=\"M52.557,277.211l-1.932,1.932a6.6,6.6,0,0,1-9.323,0l-1.931-1.932-13.65,13.562a3.91,3.91,0,0,0,1.695.4h37.1a3.91,3.91,0,0,0,1.695-.4Z\" transform=\"translate(-25.721 -277.211)\" fill=\"#fff\"><\/path><\/g><\/g><\/g><\/g><\/svg>\t\t\t<\/a>\n\t\t<\/div>\n\t\t\t\t\t\t<\/div>\n\t\t\t\t<\/div>\n\t\t\t\t<div class=\"elementor-element elementor-element-77b6a663 elementor-widget elementor-widget-heading\" data-id=\"77b6a663\" data-element_type=\"widget\" data-e-type=\"widget\" data-widget_type=\"heading.default\">\n\t\t\t\t<div class=\"elementor-widget-container\">\n\t\t\t\t\t<h2 class=\"elementor-heading-title elementor-size-default\"><a href=\"mailto:info.hrsi@pepco.eu\">info.hrsi@pepco.eu<\/a><\/h2>\t\t\t\t<\/div>\n\t\t\t\t<\/div>\n\t\t\t\t\t<\/div>\n\t\t<\/div>\n\t\t\t\t\t<\/div>\n\t\t<\/section>\n\t\t\t\t<section class=\"elementor-section elementor-top-section elementor-element elementor-element-69b52f25 elementor-section-boxed elementor-section-height-default elementor-section-height-default\" data-id=\"69b52f25\" data-element_type=\"section\" data-e-type=\"section\">\n\t\t\t\t\t\t<div class=\"elementor-container elementor-column-gap-no\">\n\t\t\t\t\t<div class=\"elementor-column elementor-col-100 elementor-top-column elementor-element elementor-element-76255cbe\" data-id=\"76255cbe\" data-element_type=\"column\" data-e-type=\"column\">\n\t\t\t<div class=\"elementor-widget-wrap elementor-element-populated\">\n\t\t\t\t\t\t<div class=\"elementor-element elementor-element-7aa9b57f elementor-widget elementor-widget-menu-anchor\" data-id=\"7aa9b57f\" data-element_type=\"widget\" data-e-type=\"widget\" data-widget_type=\"menu-anchor.default\">\n\t\t\t\t<div class=\"elementor-widget-container\">\n\t\t\t\t\t\t\t<div class=\"elementor-menu-anchor\" id=\"vise\"><\/div>\n\t\t\t\t\t\t<\/div>\n\t\t\t\t<\/div>\n\t\t\t\t<div class=\"elementor-element elementor-element-7ae2ce7b elementor-widget elementor-widget-spacer\" data-id=\"7ae2ce7b\" data-element_type=\"widget\" data-e-type=\"widget\" data-widget_type=\"spacer.default\">\n\t\t\t\t<div class=\"elementor-widget-container\">\n\t\t\t\t\t\t\t<div class=\"elementor-spacer\">\n\t\t\t<div class=\"elementor-spacer-inner\"><\/div>\n\t\t<\/div>\n\t\t\t\t\t\t<\/div>\n\t\t\t\t<\/div>\n\t\t\t\t<div class=\"elementor-element elementor-element-45b8a99a elementor-widget elementor-widget-heading\" data-id=\"45b8a99a\" data-element_type=\"widget\" data-e-type=\"widget\" data-widget_type=\"heading.default\">\n\t\t\t\t<div class=\"elementor-widget-container\">\n\t\t\t\t\t<h2 class=\"elementor-heading-title elementor-size-default\">O NAMA:<\/h2>\t\t\t\t<\/div>\n\t\t\t\t<\/div>\n\t\t\t\t<div class=\"elementor-element elementor-element-2be6f885 elementor-widget elementor-widget-spacer\" data-id=\"2be6f885\" data-element_type=\"widget\" data-e-type=\"widget\" data-widget_type=\"spacer.default\">\n\t\t\t\t<div class=\"elementor-widget-container\">\n\t\t\t\t\t\t\t<div class=\"elementor-spacer\">\n\t\t\t<div class=\"elementor-spacer-inner\"><\/div>\n\t\t<\/div>\n\t\t\t\t\t\t<\/div>\n\t\t\t\t<\/div>\n\t\t\t\t<div class=\"elementor-element elementor-element-18c7968 elementor-widget elementor-widget-text-editor\" data-id=\"18c7968\" data-element_type=\"widget\" data-e-type=\"widget\" data-widget_type=\"text-editor.default\">\n\t\t\t\t<div class=\"elementor-widget-container\">\n\t\t\t\t\t\t\t\t\t<p>Pepco je europski lanac diskontnih trgovina koji nudi odje\u0107u za cijelu obitelj i proizvode za ku\u0107anstvo po povoljnim cijenama. Svakodnevno \u0161irimo na\u0161u ponudu i uvijek te\u017eimo biti aktualni, moderni i u trendu. Stoga, u na\u0161im trgovinama \u010desto mo\u017eete prona\u0107i nove kolekcije sezonske odje\u0107e, donje rublje za \u017eene i mu\u0161karce, dje\u010dju odje\u0107u od 100 % pamuka, pa \u010dak i igra\u010dke za ku\u0107ne ljubimce. Ukoliko tra\u017eite najnovije trendove po izvrsnim cijenama, sigurno \u0107ete prona\u0107i ne\u0161to za cijelu obitelj u na\u0161oj kolekciji za odrasle i djecu, a ure\u0111enje doma postat \u0107e u\u017eitak uz raznovrsne dodatke iz ponude za dom.<\/p><p>Primamo sve platne kartice, a vo\u0111eni misijom vrhunske usluge koja stvara zadovoljnog kupca, u na\u0161im trgovinama pru\u017eamo garanciju povrata novca ili zamjene ve\u0107ine proizvoda.<\/p><p>Na\u0161a je ambicija postati najve\u0107i, najbolji i najpoznatiji diskontni brend odje\u0107e i ku\u0107anskih proizvoda u Europi.<\/p>\t\t\t\t\t\t\t\t<\/div>\n\t\t\t\t<\/div>\n\t\t\t\t<div class=\"elementor-element elementor-element-54bdf06 elementor-widget elementor-widget-spacer\" data-id=\"54bdf06\" data-element_type=\"widget\" data-e-type=\"widget\" data-widget_type=\"spacer.default\">\n\t\t\t\t<div class=\"elementor-widget-container\">\n\t\t\t\t\t\t\t<div class=\"elementor-spacer\">\n\t\t\t<div class=\"elementor-spacer-inner\"><\/div>\n\t\t<\/div>\n\t\t\t\t\t\t<\/div>\n\t\t\t\t<\/div>\n\t\t\t\t\t<\/div>\n\t\t<\/div>\n\t\t\t\t\t<\/div>\n\t\t<\/section>\n\t\t\t\t<section class=\"elementor-section elementor-top-section elementor-element elementor-element-ec73b2f elementor-section-boxed elementor-section-height-default elementor-section-height-default\" data-id=\"ec73b2f\" data-element_type=\"section\" data-e-type=\"section\">\n\t\t\t\t\t\t<div class=\"elementor-container elementor-column-gap-no\">\n\t\t\t\t\t<div class=\"elementor-column elementor-col-100 elementor-top-column elementor-element elementor-element-e2abed2\" data-id=\"e2abed2\" data-element_type=\"column\" data-e-type=\"column\">\n\t\t\t<div class=\"elementor-widget-wrap elementor-element-populated\">\n\t\t\t\t\t\t<div class=\"elementor-element elementor-element-e7b4b06 elementor-widget elementor-widget-heading\" data-id=\"e7b4b06\" data-element_type=\"widget\" data-e-type=\"widget\" data-widget_type=\"heading.default\">\n\t\t\t\t<div class=\"elementor-widget-container\">\n\t\t\t\t\t<h2 class=\"elementor-heading-title elementor-size-default\">RADNO VRIJEME:<\/h2>\t\t\t\t<\/div>\n\t\t\t\t<\/div>\n\t\t\t\t<div class=\"elementor-element elementor-element-4272652 elementor-widget elementor-widget-spacer\" data-id=\"4272652\" data-element_type=\"widget\" data-e-type=\"widget\" data-widget_type=\"spacer.default\">\n\t\t\t\t<div class=\"elementor-widget-container\">\n\t\t\t\t\t\t\t<div class=\"elementor-spacer\">\n\t\t\t<div class=\"elementor-spacer-inner\"><\/div>\n\t\t<\/div>\n\t\t\t\t\t\t<\/div>\n\t\t\t\t<\/div>\n\t\t\t\t<div class=\"elementor-element elementor-element-b1f3883 elementor-widget elementor-widget-text-editor\" data-id=\"b1f3883\" data-element_type=\"widget\" data-e-type=\"widget\" data-widget_type=\"text-editor.default\">\n\t\t\t\t<div class=\"elementor-widget-container\">\n\t\t\t\t\t\t\t\t\t<p><strong>Od ponedjeljka do subote: <\/strong>9:00 &#8211; 20:00<\/p><p><strong>Nedjelja: <\/strong>9:00 &#8211; 15:00<\/p>\t\t\t\t\t\t\t\t<\/div>\n\t\t\t\t<\/div>\n\t\t\t\t<div class=\"elementor-element elementor-element-788a2a4 elementor-widget elementor-widget-spacer\" data-id=\"788a2a4\" data-element_type=\"widget\" data-e-type=\"widget\" data-widget_type=\"spacer.default\">\n\t\t\t\t<div class=\"elementor-widget-container\">\n\t\t\t\t\t\t\t<div class=\"elementor-spacer\">\n\t\t\t<div class=\"elementor-spacer-inner\"><\/div>\n\t\t<\/div>\n\t\t\t\t\t\t<\/div>\n\t\t\t\t<\/div>\n\t\t\t\t\t<\/div>\n\t\t<\/div>\n\t\t\t\t\t<\/div>\n\t\t<\/section>\n\t\t\t\t<\/div>","protected":false},"excerpt":{"rendered":"<p>SAZNAJ VI\u0160E info.hrsi@pepco.eu O NAMA: Pepco je europski lanac diskontnih trgovina koji nudi odje\u0107u za cijelu obitelj i proizvode za ku\u0107anstvo po povoljnim cijenama. Svakodnevno \u0161irimo na\u0161u ponudu i uvijek te\u017eimo biti aktualni, moderni i u trendu. Stoga, u na\u0161im trgovinama \u010desto mo\u017eete prona\u0107i nove kolekcije sezonske odje\u0107e, donje rublje za \u017eene i mu\u0161karce, dje\u010dju [&hellip;]<\/p>\n","protected":false},"author":4,"featured_media":0,"parent":512,"menu_order":0,"comment_status":"closed","ping_status":"closed","template":"","meta":{"inline_featured_image":false,"ocean_post_layout":"","ocean_both_sidebars_style":"","ocean_both_sidebars_content_width":0,"ocean_both_sidebars_sidebars_width":0,"ocean_sidebar":"","ocean_second_sidebar":"","ocean_disable_margins":"enable","ocean_add_body_class":"","ocean_shortcode_before_top_bar":"","ocean_shortcode_after_top_bar":"","ocean_shortcode_before_header":"","ocean_shortcode_after_header":"","ocean_has_shortcode":"","ocean_shortcode_after_title":"","ocean_shortcode_before_footer_widgets":"","ocean_shortcode_after_footer_widgets":"","ocean_shortcode_before_footer_bottom":"","ocean_shortcode_after_footer_bottom":"","ocean_display_top_bar":"default","ocean_display_header":"default","ocean_header_style":"","ocean_center_header_left_menu":"","ocean_custom_header_template":"","ocean_custom_logo":0,"ocean_custom_retina_logo":0,"ocean_custom_logo_max_width":0,"ocean_custom_logo_tablet_max_width":0,"ocean_custom_logo_mobile_max_width":0,"ocean_custom_logo_max_height":0,"ocean_custom_logo_tablet_max_height":0,"ocean_custom_logo_mobile_max_height":0,"ocean_header_custom_menu":"","ocean_menu_typo_font_family":"","ocean_menu_typo_font_subset":"","ocean_menu_typo_font_size":0,"ocean_menu_typo_font_size_tablet":0,"ocean_menu_typo_font_size_mobile":0,"ocean_menu_typo_font_size_unit":"px","ocean_menu_typo_font_weight":"","ocean_menu_typo_font_weight_tablet":"","ocean_menu_typo_font_weight_mobile":"","ocean_menu_typo_transform":"","ocean_menu_typo_transform_tablet":"","ocean_menu_typo_transform_mobile":"","ocean_menu_typo_line_height":0,"ocean_menu_typo_line_height_tablet":0,"ocean_menu_typo_line_height_mobile":0,"ocean_menu_typo_line_height_unit":"","ocean_menu_typo_spacing":0,"ocean_menu_typo_spacing_tablet":0,"ocean_menu_typo_spacing_mobile":0,"ocean_menu_typo_spacing_unit":"","ocean_menu_link_color":"","ocean_menu_link_color_hover":"","ocean_menu_link_color_active":"","ocean_menu_link_background":"","ocean_menu_link_hover_background":"","ocean_menu_link_active_background":"","ocean_menu_social_links_bg":"","ocean_menu_social_hover_links_bg":"","ocean_menu_social_links_color":"","ocean_menu_social_hover_links_color":"","ocean_disable_title":"default","ocean_disable_heading":"default","ocean_post_title":"","ocean_post_subheading":"","ocean_post_title_style":"","ocean_post_title_background_color":"","ocean_post_title_background":0,"ocean_post_title_bg_image_position":"","ocean_post_title_bg_image_attachment":"","ocean_post_title_bg_image_repeat":"","ocean_post_title_bg_image_size":"","ocean_post_title_height":0,"ocean_post_title_bg_overlay":0.5,"ocean_post_title_bg_overlay_color":"","ocean_disable_breadcrumbs":"default","ocean_breadcrumbs_color":"","ocean_breadcrumbs_separator_color":"","ocean_breadcrumbs_links_color":"","ocean_breadcrumbs_links_hover_color":"","ocean_display_footer_widgets":"default","ocean_display_footer_bottom":"default","ocean_custom_footer_template":"","footnotes":""},"class_list":["post-518","page","type-page","status-publish","hentry","entry"],"_links":{"self":[{"href":"https:\/\/jugmall.hr\/en\/wp-json\/wp\/v2\/pages\/518","targetHints":{"allow":["GET"]}}],"collection":[{"href":"https:\/\/jugmall.hr\/en\/wp-json\/wp\/v2\/pages"}],"about":[{"href":"https:\/\/jugmall.hr\/en\/wp-json\/wp\/v2\/types\/page"}],"author":[{"embeddable":true,"href":"https:\/\/jugmall.hr\/en\/wp-json\/wp\/v2\/users\/4"}],"replies":[{"embeddable":true,"href":"https:\/\/jugmall.hr\/en\/wp-json\/wp\/v2\/comments?post=518"}],"version-history":[{"count":0,"href":"https:\/\/jugmall.hr\/en\/wp-json\/wp\/v2\/pages\/518\/revisions"}],"up":[{"embeddable":true,"href":"https:\/\/jugmall.hr\/en\/wp-json\/wp\/v2\/pages\/512"}],"wp:attachment":[{"href":"https:\/\/jugmall.hr\/en\/wp-json\/wp\/v2\/media?parent=518"}],"curies":[{"name":"wp","href":"https:\/\/api.w.org\/{rel}","templated":true}]}}