{"id":522,"date":"2021-07-13T11:31:28","date_gmt":"2021-07-13T11:31:28","guid":{"rendered":"https:\/\/jugmall.hr\/?page_id=522"},"modified":"2021-12-07T15:22:11","modified_gmt":"2021-12-07T15:22:11","slug":"dm","status":"publish","type":"page","link":"https:\/\/jugmall.hr\/en\/trgovine\/dm\/","title":{"rendered":"DM"},"content":{"rendered":"<div data-elementor-type=\"wp-page\" data-elementor-id=\"522\" class=\"elementor elementor-522\">\n\t\t\t\t\t\t<section class=\"elementor-section elementor-top-section elementor-element elementor-element-5e790651 elementor-section-height-min-height elementor-reverse-tablet elementor-reverse-mobile elementor-section-boxed elementor-section-height-default elementor-section-items-middle\" data-id=\"5e790651\" data-element_type=\"section\" data-e-type=\"section\" data-settings=\"{&quot;background_background&quot;:&quot;classic&quot;}\">\n\t\t\t\t\t\t<div class=\"elementor-container elementor-column-gap-no\">\n\t\t\t\t\t<div class=\"elementor-column elementor-col-100 elementor-top-column elementor-element elementor-element-1f133f0f\" data-id=\"1f133f0f\" data-element_type=\"column\" data-e-type=\"column\">\n\t\t\t<div class=\"elementor-widget-wrap elementor-element-populated\">\n\t\t\t\t\t\t<div class=\"elementor-element elementor-element-58cbb82f elementor-widget elementor-widget-spacer\" data-id=\"58cbb82f\" data-element_type=\"widget\" data-e-type=\"widget\" data-widget_type=\"spacer.default\">\n\t\t\t\t<div class=\"elementor-widget-container\">\n\t\t\t\t\t\t\t<div class=\"elementor-spacer\">\n\t\t\t<div class=\"elementor-spacer-inner\"><\/div>\n\t\t<\/div>\n\t\t\t\t\t\t<\/div>\n\t\t\t\t<\/div>\n\t\t\t\t<div class=\"elementor-element elementor-element-21ada1bb elementor-widget elementor-widget-image\" data-id=\"21ada1bb\" data-element_type=\"widget\" data-e-type=\"widget\" data-widget_type=\"image.default\">\n\t\t\t\t<div class=\"elementor-widget-container\">\n\t\t\t\t\t\t\t\t\t\t\t\t\t\t\t<img decoding=\"async\" width=\"1\" height=\"1\" src=\"https:\/\/jugmall.hr\/wp-content\/uploads\/2021\/06\/DM-1.svg\" class=\"attachment-large size-large wp-image-821\" alt=\"\" \/>\t\t\t\t\t\t\t\t\t\t\t\t\t\t\t<\/div>\n\t\t\t\t<\/div>\n\t\t\t\t<div class=\"elementor-element elementor-element-53bf27da elementor-widget elementor-widget-spacer\" data-id=\"53bf27da\" data-element_type=\"widget\" data-e-type=\"widget\" data-widget_type=\"spacer.default\">\n\t\t\t\t<div class=\"elementor-widget-container\">\n\t\t\t\t\t\t\t<div class=\"elementor-spacer\">\n\t\t\t<div class=\"elementor-spacer-inner\"><\/div>\n\t\t<\/div>\n\t\t\t\t\t\t<\/div>\n\t\t\t\t<\/div>\n\t\t\t\t<div class=\"elementor-element elementor-element-362c264b elementor-widget elementor-widget-heading\" data-id=\"362c264b\" data-element_type=\"widget\" data-e-type=\"widget\" data-widget_type=\"heading.default\">\n\t\t\t\t<div class=\"elementor-widget-container\">\n\t\t\t\t\t<h2 class=\"elementor-heading-title elementor-size-default\"><a href=\"#vise\">SAZNAJ VI\u0160E<\/a><\/h2>\t\t\t\t<\/div>\n\t\t\t\t<\/div>\n\t\t\t\t<div class=\"elementor-element elementor-element-68138b2a elementor-view-default elementor-widget elementor-widget-icon\" data-id=\"68138b2a\" data-element_type=\"widget\" data-e-type=\"widget\" data-widget_type=\"icon.default\">\n\t\t\t\t<div class=\"elementor-widget-container\">\n\t\t\t\t\t\t\t<div class=\"elementor-icon-wrapper\">\n\t\t\t<a class=\"elementor-icon\" href=\"#vise\">\n\t\t\t<i aria-hidden=\"true\" class=\"fas fa-angle-down\"><\/i>\t\t\t<\/a>\n\t\t<\/div>\n\t\t\t\t\t\t<\/div>\n\t\t\t\t<\/div>\n\t\t\t\t\t<\/div>\n\t\t<\/div>\n\t\t\t\t\t<\/div>\n\t\t<\/section>\n\t\t\t\t<section class=\"elementor-section elementor-top-section elementor-element elementor-element-5080155d elementor-section-boxed elementor-section-height-default elementor-section-height-default\" data-id=\"5080155d\" data-element_type=\"section\" data-e-type=\"section\">\n\t\t\t\t\t\t<div class=\"elementor-container elementor-column-gap-no\">\n\t\t\t\t\t<div class=\"elementor-column elementor-col-100 elementor-top-column elementor-element elementor-element-5c9f18d4\" data-id=\"5c9f18d4\" data-element_type=\"column\" data-e-type=\"column\">\n\t\t\t<div class=\"elementor-widget-wrap elementor-element-populated\">\n\t\t\t\t\t\t<div class=\"elementor-element elementor-element-5e6675b0 elementor-widget elementor-widget-spacer\" data-id=\"5e6675b0\" data-element_type=\"widget\" data-e-type=\"widget\" data-widget_type=\"spacer.default\">\n\t\t\t\t<div class=\"elementor-widget-container\">\n\t\t\t\t\t\t\t<div class=\"elementor-spacer\">\n\t\t\t<div class=\"elementor-spacer-inner\"><\/div>\n\t\t<\/div>\n\t\t\t\t\t\t<\/div>\n\t\t\t\t<\/div>\n\t\t\t\t\t<\/div>\n\t\t<\/div>\n\t\t\t\t\t<\/div>\n\t\t<\/section>\n\t\t\t\t<section class=\"elementor-section elementor-top-section elementor-element elementor-element-596b18de elementor-section-boxed elementor-section-height-default elementor-section-height-default\" data-id=\"596b18de\" data-element_type=\"section\" data-e-type=\"section\">\n\t\t\t\t\t\t<div class=\"elementor-container elementor-column-gap-default\">\n\t\t\t\t\t<div class=\"elementor-column elementor-col-100 elementor-top-column elementor-element elementor-element-53550ad3\" data-id=\"53550ad3\" data-element_type=\"column\" data-e-type=\"column\">\n\t\t\t<div class=\"elementor-widget-wrap elementor-element-populated\">\n\t\t\t\t\t\t<div class=\"elementor-element elementor-element-52c7cb elementor-view-default elementor-widget elementor-widget-icon\" data-id=\"52c7cb\" data-element_type=\"widget\" data-e-type=\"widget\" data-widget_type=\"icon.default\">\n\t\t\t\t<div class=\"elementor-widget-container\">\n\t\t\t\t\t\t\t<div class=\"elementor-icon-wrapper\">\n\t\t\t<a class=\"elementor-icon\" href=\"tel:+38513626218\">\n\t\t\t<svg xmlns=\"http:\/\/www.w3.org\/2000\/svg\" id=\"phone-call\" width=\"75\" height=\"75\" viewbox=\"0 0 75 75\"><g id=\"Group_49\" data-name=\"Group 49\"><path id=\"Path_350\" data-name=\"Path 350\" d=\"M64.012,10.979A37.5,37.5,0,1,0,75,37.492,37.5,37.5,0,0,0,64.012,10.979Zm-7.22,41.258,0,0v-.012l-1.9,1.887a10,10,0,0,1-9.438,2.7,33.228,33.228,0,0,1-9.65-4.325,44.586,44.586,0,0,1-7.612-6.138,44.928,44.928,0,0,1-5.688-6.9,35,35,0,0,1-4.275-8.65,10,10,0,0,1,2.5-10.212l2.225-2.225a1.587,1.587,0,0,1,2.245,0l0,0,7.025,7.025a1.587,1.587,0,0,1,0,2.245l0,0L28.1,31.767a3.362,3.362,0,0,0-.35,4.375A48.242,48.242,0,0,0,32.687,41.9a47.947,47.947,0,0,0,6.5,5.463,3.387,3.387,0,0,0,4.325-.375l3.987-4.05a1.587,1.587,0,0,1,2.245,0l0,0,7.038,7.05A1.587,1.587,0,0,1,56.792,52.237Z\" transform=\"translate(0 0)\" fill=\"#f15a29\"><\/path><path id=\"Path_352\" data-name=\"Path 352\" d=\"M56.792,52.237l0,0v-.012l-1.9,1.887a10,10,0,0,1-9.438,2.7,33.228,33.228,0,0,1-9.65-4.325,44.586,44.586,0,0,1-7.612-6.138,44.928,44.928,0,0,1-5.688-6.9,35,35,0,0,1-4.275-8.65,10,10,0,0,1,2.5-10.212l2.225-2.225a1.587,1.587,0,0,1,2.245,0l0,0,7.025,7.025a1.587,1.587,0,0,1,0,2.245l0,0L28.1,31.767a3.362,3.362,0,0,0-.35,4.375A48.242,48.242,0,0,0,32.687,41.9a47.947,47.947,0,0,0,6.5,5.463,3.387,3.387,0,0,0,4.325-.375l3.987-4.05a1.587,1.587,0,0,1,2.245,0l0,0,7.038,7.05A1.587,1.587,0,0,1,56.792,52.237Z\" transform=\"translate(0.004 0.005)\" fill=\"#fff\"><\/path><\/g><\/svg>\t\t\t<\/a>\n\t\t<\/div>\n\t\t\t\t\t\t<\/div>\n\t\t\t\t<\/div>\n\t\t\t\t<div class=\"elementor-element elementor-element-3cda2a2f elementor-widget elementor-widget-heading\" data-id=\"3cda2a2f\" data-element_type=\"widget\" data-e-type=\"widget\" data-widget_type=\"heading.default\">\n\t\t\t\t<div class=\"elementor-widget-container\">\n\t\t\t\t\t<h2 class=\"elementor-heading-title elementor-size-default\"><a href=\"tel:+38513626218\">01 362 6218<\/a><\/h2>\t\t\t\t<\/div>\n\t\t\t\t<\/div>\n\t\t\t\t\t<\/div>\n\t\t<\/div>\n\t\t\t\t\t<\/div>\n\t\t<\/section>\n\t\t\t\t<section class=\"elementor-section elementor-top-section elementor-element elementor-element-6589212 elementor-section-boxed elementor-section-height-default elementor-section-height-default\" data-id=\"6589212\" data-element_type=\"section\" data-e-type=\"section\">\n\t\t\t\t\t\t<div class=\"elementor-container elementor-column-gap-no\">\n\t\t\t\t\t<div class=\"elementor-column elementor-col-100 elementor-top-column elementor-element elementor-element-1d00b566\" data-id=\"1d00b566\" data-element_type=\"column\" data-e-type=\"column\">\n\t\t\t<div class=\"elementor-widget-wrap elementor-element-populated\">\n\t\t\t\t\t\t<div class=\"elementor-element elementor-element-4236f5aa elementor-widget elementor-widget-menu-anchor\" data-id=\"4236f5aa\" data-element_type=\"widget\" data-e-type=\"widget\" data-widget_type=\"menu-anchor.default\">\n\t\t\t\t<div class=\"elementor-widget-container\">\n\t\t\t\t\t\t\t<div class=\"elementor-menu-anchor\" id=\"vise\"><\/div>\n\t\t\t\t\t\t<\/div>\n\t\t\t\t<\/div>\n\t\t\t\t<div class=\"elementor-element elementor-element-52353eaa elementor-widget elementor-widget-spacer\" data-id=\"52353eaa\" data-element_type=\"widget\" data-e-type=\"widget\" data-widget_type=\"spacer.default\">\n\t\t\t\t<div class=\"elementor-widget-container\">\n\t\t\t\t\t\t\t<div class=\"elementor-spacer\">\n\t\t\t<div class=\"elementor-spacer-inner\"><\/div>\n\t\t<\/div>\n\t\t\t\t\t\t<\/div>\n\t\t\t\t<\/div>\n\t\t\t\t<div class=\"elementor-element elementor-element-17eab5c3 elementor-widget elementor-widget-heading\" data-id=\"17eab5c3\" data-element_type=\"widget\" data-e-type=\"widget\" data-widget_type=\"heading.default\">\n\t\t\t\t<div class=\"elementor-widget-container\">\n\t\t\t\t\t<h2 class=\"elementor-heading-title elementor-size-default\">O NAMA:<\/h2>\t\t\t\t<\/div>\n\t\t\t\t<\/div>\n\t\t\t\t<div class=\"elementor-element elementor-element-4b03748e elementor-widget elementor-widget-spacer\" data-id=\"4b03748e\" data-element_type=\"widget\" data-e-type=\"widget\" data-widget_type=\"spacer.default\">\n\t\t\t\t<div class=\"elementor-widget-container\">\n\t\t\t\t\t\t\t<div class=\"elementor-spacer\">\n\t\t\t<div class=\"elementor-spacer-inner\"><\/div>\n\t\t<\/div>\n\t\t\t\t\t\t<\/div>\n\t\t\t\t<\/div>\n\t\t\t\t<div class=\"elementor-element elementor-element-154996f7 elementor-widget elementor-widget-text-editor\" data-id=\"154996f7\" data-element_type=\"widget\" data-e-type=\"widget\" data-widget_type=\"text-editor.default\">\n\t\t\t\t<div class=\"elementor-widget-container\">\n\t\t\t\t\t\t\t\t\t<p>dm-drogerie markt je jedan od najve\u0107ih drogerijskih lanaca u Europi i vode\u0107a je<br \/>drogerija na hrvatskom tr\u017ei\u0161tu. Prva prodavaonica dm-a u Hrvatskoj otvorena je 9.svibnja 1996. na tr\u017enici u zagreba\u010dkoj Dubravi, a danas dm posluje u 161 prodavaonici diljem Hrvatske te su proizvodi koje nudi svojim kupcima dostupni svim gra\u0111anima Hrvatske zahvaljuju\u0107i dm online shopu.<\/p><p>Asortiman dm-a obuhva\u0107a vi\u0161e od 15.000 drogerijskih proizvoda u kategorijama zdravlja i ljepote, dje\u010dje hrane i njege, doma\u0107instva, foto usluga i dodatnog asortimana poput hrane za ku\u0107ne ljubimce, tekstila i sezonskih proizvoda. \u0160irok izbor drogerijskih proizvoda renomiranih hrvatskih i svjetskih proizvo\u0111a\u010da oboga\u0107en je proizvodima dm marke koje odlikuje izvrstan omjer cijene i kvalitete. Robna marka dm-a zastupljena je u svim kategorijama asortimana &#8211; od proizvoda za njegu tijela te dekorativne kozmetike do proizvoda osvije\u0161tene prehrane i proizvoda za ku\u0107ne ljubimce.<\/p>\t\t\t\t\t\t\t\t<\/div>\n\t\t\t\t<\/div>\n\t\t\t\t\t<\/div>\n\t\t<\/div>\n\t\t\t\t\t<\/div>\n\t\t<\/section>\n\t\t\t\t<section class=\"elementor-section elementor-top-section elementor-element elementor-element-31c0f908 elementor-section-boxed elementor-section-height-default elementor-section-height-default\" data-id=\"31c0f908\" data-element_type=\"section\" data-e-type=\"section\">\n\t\t\t\t\t\t<div class=\"elementor-container elementor-column-gap-no\">\n\t\t\t\t\t<div class=\"elementor-column elementor-col-100 elementor-top-column elementor-element elementor-element-1102bb6d\" data-id=\"1102bb6d\" data-element_type=\"column\" data-e-type=\"column\">\n\t\t\t<div class=\"elementor-widget-wrap elementor-element-populated\">\n\t\t\t\t\t\t<div class=\"elementor-element elementor-element-1999a720 elementor-widget elementor-widget-spacer\" data-id=\"1999a720\" data-element_type=\"widget\" data-e-type=\"widget\" data-widget_type=\"spacer.default\">\n\t\t\t\t<div class=\"elementor-widget-container\">\n\t\t\t\t\t\t\t<div class=\"elementor-spacer\">\n\t\t\t<div class=\"elementor-spacer-inner\"><\/div>\n\t\t<\/div>\n\t\t\t\t\t\t<\/div>\n\t\t\t\t<\/div>\n\t\t\t\t<div class=\"elementor-element elementor-element-36f89775 elementor-widget elementor-widget-heading\" data-id=\"36f89775\" data-element_type=\"widget\" data-e-type=\"widget\" data-widget_type=\"heading.default\">\n\t\t\t\t<div class=\"elementor-widget-container\">\n\t\t\t\t\t<h2 class=\"elementor-heading-title elementor-size-default\">RADNO VRIJEME:<\/h2>\t\t\t\t<\/div>\n\t\t\t\t<\/div>\n\t\t\t\t<div class=\"elementor-element elementor-element-12a204b8 elementor-widget elementor-widget-spacer\" data-id=\"12a204b8\" data-element_type=\"widget\" data-e-type=\"widget\" data-widget_type=\"spacer.default\">\n\t\t\t\t<div class=\"elementor-widget-container\">\n\t\t\t\t\t\t\t<div class=\"elementor-spacer\">\n\t\t\t<div class=\"elementor-spacer-inner\"><\/div>\n\t\t<\/div>\n\t\t\t\t\t\t<\/div>\n\t\t\t\t<\/div>\n\t\t\t\t<div class=\"elementor-element elementor-element-5f226063 elementor-widget elementor-widget-text-editor\" data-id=\"5f226063\" data-element_type=\"widget\" data-e-type=\"widget\" data-widget_type=\"text-editor.default\">\n\t\t\t\t<div class=\"elementor-widget-container\">\n\t\t\t\t\t\t\t\t\t<p><strong>Od ponedjeljka do subote:\u00a0<\/strong>8:00 &#8211; 21:00<\/p><p><strong>Nedjelja: <\/strong>8:00 &#8211; 17:00<\/p>\t\t\t\t\t\t\t\t<\/div>\n\t\t\t\t<\/div>\n\t\t\t\t<div class=\"elementor-element elementor-element-4317aabb elementor-widget elementor-widget-spacer\" data-id=\"4317aabb\" data-element_type=\"widget\" data-e-type=\"widget\" data-widget_type=\"spacer.default\">\n\t\t\t\t<div class=\"elementor-widget-container\">\n\t\t\t\t\t\t\t<div class=\"elementor-spacer\">\n\t\t\t<div class=\"elementor-spacer-inner\"><\/div>\n\t\t<\/div>\n\t\t\t\t\t\t<\/div>\n\t\t\t\t<\/div>\n\t\t\t\t\t<\/div>\n\t\t<\/div>\n\t\t\t\t\t<\/div>\n\t\t<\/section>\n\t\t\t\t<\/div>","protected":false},"excerpt":{"rendered":"<p>SAZNAJ VI\u0160E 01 362 6218 O NAMA: dm-drogerie markt je jedan od najve\u0107ih drogerijskih lanaca u Europi i vode\u0107a jedrogerija na hrvatskom tr\u017ei\u0161tu. Prva prodavaonica dm-a u Hrvatskoj otvorena je 9.svibnja 1996. na tr\u017enici u zagreba\u010dkoj Dubravi, a danas dm posluje u 161 prodavaonici diljem Hrvatske te su proizvodi koje nudi svojim kupcima dostupni svim [&hellip;]<\/p>\n","protected":false},"author":4,"featured_media":0,"parent":512,"menu_order":0,"comment_status":"closed","ping_status":"closed","template":"","meta":{"inline_featured_image":false,"ocean_post_layout":"","ocean_both_sidebars_style":"","ocean_both_sidebars_content_width":0,"ocean_both_sidebars_sidebars_width":0,"ocean_sidebar":"","ocean_second_sidebar":"","ocean_disable_margins":"enable","ocean_add_body_class":"","ocean_shortcode_before_top_bar":"","ocean_shortcode_after_top_bar":"","ocean_shortcode_before_header":"","ocean_shortcode_after_header":"","ocean_has_shortcode":"","ocean_shortcode_after_title":"","ocean_shortcode_before_footer_widgets":"","ocean_shortcode_after_footer_widgets":"","ocean_shortcode_before_footer_bottom":"","ocean_shortcode_after_footer_bottom":"","ocean_display_top_bar":"default","ocean_display_header":"default","ocean_header_style":"","ocean_center_header_left_menu":"","ocean_custom_header_template":"","ocean_custom_logo":0,"ocean_custom_retina_logo":0,"ocean_custom_logo_max_width":0,"ocean_custom_logo_tablet_max_width":0,"ocean_custom_logo_mobile_max_width":0,"ocean_custom_logo_max_height":0,"ocean_custom_logo_tablet_max_height":0,"ocean_custom_logo_mobile_max_height":0,"ocean_header_custom_menu":"","ocean_menu_typo_font_family":"","ocean_menu_typo_font_subset":"","ocean_menu_typo_font_size":0,"ocean_menu_typo_font_size_tablet":0,"ocean_menu_typo_font_size_mobile":0,"ocean_menu_typo_font_size_unit":"px","ocean_menu_typo_font_weight":"","ocean_menu_typo_font_weight_tablet":"","ocean_menu_typo_font_weight_mobile":"","ocean_menu_typo_transform":"","ocean_menu_typo_transform_tablet":"","ocean_menu_typo_transform_mobile":"","ocean_menu_typo_line_height":0,"ocean_menu_typo_line_height_tablet":0,"ocean_menu_typo_line_height_mobile":0,"ocean_menu_typo_line_height_unit":"","ocean_menu_typo_spacing":0,"ocean_menu_typo_spacing_tablet":0,"ocean_menu_typo_spacing_mobile":0,"ocean_menu_typo_spacing_unit":"","ocean_menu_link_color":"","ocean_menu_link_color_hover":"","ocean_menu_link_color_active":"","ocean_menu_link_background":"","ocean_menu_link_hover_background":"","ocean_menu_link_active_background":"","ocean_menu_social_links_bg":"","ocean_menu_social_hover_links_bg":"","ocean_menu_social_links_color":"","ocean_menu_social_hover_links_color":"","ocean_disable_title":"default","ocean_disable_heading":"default","ocean_post_title":"","ocean_post_subheading":"","ocean_post_title_style":"","ocean_post_title_background_color":"","ocean_post_title_background":0,"ocean_post_title_bg_image_position":"","ocean_post_title_bg_image_attachment":"","ocean_post_title_bg_image_repeat":"","ocean_post_title_bg_image_size":"","ocean_post_title_height":0,"ocean_post_title_bg_overlay":0.5,"ocean_post_title_bg_overlay_color":"","ocean_disable_breadcrumbs":"default","ocean_breadcrumbs_color":"","ocean_breadcrumbs_separator_color":"","ocean_breadcrumbs_links_color":"","ocean_breadcrumbs_links_hover_color":"","ocean_display_footer_widgets":"default","ocean_display_footer_bottom":"default","ocean_custom_footer_template":"","footnotes":""},"class_list":["post-522","page","type-page","status-publish","hentry","entry"],"_links":{"self":[{"href":"https:\/\/jugmall.hr\/en\/wp-json\/wp\/v2\/pages\/522","targetHints":{"allow":["GET"]}}],"collection":[{"href":"https:\/\/jugmall.hr\/en\/wp-json\/wp\/v2\/pages"}],"about":[{"href":"https:\/\/jugmall.hr\/en\/wp-json\/wp\/v2\/types\/page"}],"author":[{"embeddable":true,"href":"https:\/\/jugmall.hr\/en\/wp-json\/wp\/v2\/users\/4"}],"replies":[{"embeddable":true,"href":"https:\/\/jugmall.hr\/en\/wp-json\/wp\/v2\/comments?post=522"}],"version-history":[{"count":0,"href":"https:\/\/jugmall.hr\/en\/wp-json\/wp\/v2\/pages\/522\/revisions"}],"up":[{"embeddable":true,"href":"https:\/\/jugmall.hr\/en\/wp-json\/wp\/v2\/pages\/512"}],"wp:attachment":[{"href":"https:\/\/jugmall.hr\/en\/wp-json\/wp\/v2\/media?parent=522"}],"curies":[{"name":"wp","href":"https:\/\/api.w.org\/{rel}","templated":true}]}}