{"id":524,"date":"2021-07-13T11:40:42","date_gmt":"2021-07-13T11:40:42","guid":{"rendered":"https:\/\/jugmall.hr\/?page_id=524"},"modified":"2021-12-07T15:23:08","modified_gmt":"2021-12-07T15:23:08","slug":"cvjetni-atelje-natasa","status":"publish","type":"page","link":"https:\/\/jugmall.hr\/en\/trgovine\/cvjetni-atelje-natasa\/","title":{"rendered":"Cvjetni atelje Nata\u0161a"},"content":{"rendered":"<div data-elementor-type=\"wp-page\" data-elementor-id=\"524\" class=\"elementor elementor-524\">\n\t\t\t\t\t\t<section class=\"elementor-section elementor-top-section elementor-element elementor-element-7659eaa elementor-section-height-min-height elementor-reverse-tablet elementor-reverse-mobile elementor-section-boxed elementor-section-height-default elementor-section-items-middle\" data-id=\"7659eaa\" data-element_type=\"section\" data-e-type=\"section\" data-settings=\"{&quot;background_background&quot;:&quot;classic&quot;}\">\n\t\t\t\t\t\t<div class=\"elementor-container elementor-column-gap-no\">\n\t\t\t\t\t<div class=\"elementor-column elementor-col-100 elementor-top-column elementor-element elementor-element-42ba8344\" data-id=\"42ba8344\" data-element_type=\"column\" data-e-type=\"column\">\n\t\t\t<div class=\"elementor-widget-wrap elementor-element-populated\">\n\t\t\t\t\t\t<div class=\"elementor-element elementor-element-8c53ce3 elementor-widget elementor-widget-spacer\" data-id=\"8c53ce3\" data-element_type=\"widget\" data-e-type=\"widget\" data-widget_type=\"spacer.default\">\n\t\t\t\t<div class=\"elementor-widget-container\">\n\t\t\t\t\t\t\t<div class=\"elementor-spacer\">\n\t\t\t<div class=\"elementor-spacer-inner\"><\/div>\n\t\t<\/div>\n\t\t\t\t\t\t<\/div>\n\t\t\t\t<\/div>\n\t\t\t\t<div class=\"elementor-element elementor-element-46ff1b05 elementor-widget elementor-widget-image\" data-id=\"46ff1b05\" data-element_type=\"widget\" data-e-type=\"widget\" data-widget_type=\"image.default\">\n\t\t\t\t<div class=\"elementor-widget-container\">\n\t\t\t\t\t\t\t\t\t\t\t\t\t\t\t<img decoding=\"async\" width=\"1\" height=\"1\" src=\"https:\/\/jugmall.hr\/wp-content\/uploads\/2021\/06\/Natasa.svg\" class=\"attachment-large size-large wp-image-826\" alt=\"\" \/>\t\t\t\t\t\t\t\t\t\t\t\t\t\t\t<\/div>\n\t\t\t\t<\/div>\n\t\t\t\t<div class=\"elementor-element elementor-element-6ef1fbaf elementor-widget elementor-widget-spacer\" data-id=\"6ef1fbaf\" data-element_type=\"widget\" data-e-type=\"widget\" data-widget_type=\"spacer.default\">\n\t\t\t\t<div class=\"elementor-widget-container\">\n\t\t\t\t\t\t\t<div class=\"elementor-spacer\">\n\t\t\t<div class=\"elementor-spacer-inner\"><\/div>\n\t\t<\/div>\n\t\t\t\t\t\t<\/div>\n\t\t\t\t<\/div>\n\t\t\t\t<div class=\"elementor-element elementor-element-10e5ceb9 elementor-widget elementor-widget-heading\" data-id=\"10e5ceb9\" data-element_type=\"widget\" data-e-type=\"widget\" data-widget_type=\"heading.default\">\n\t\t\t\t<div class=\"elementor-widget-container\">\n\t\t\t\t\t<h2 class=\"elementor-heading-title elementor-size-default\"><a href=\"#vise\">SAZNAJ VI\u0160E<\/a><\/h2>\t\t\t\t<\/div>\n\t\t\t\t<\/div>\n\t\t\t\t<div class=\"elementor-element elementor-element-6dca6aac elementor-view-default elementor-widget elementor-widget-icon\" data-id=\"6dca6aac\" data-element_type=\"widget\" data-e-type=\"widget\" data-widget_type=\"icon.default\">\n\t\t\t\t<div class=\"elementor-widget-container\">\n\t\t\t\t\t\t\t<div class=\"elementor-icon-wrapper\">\n\t\t\t<a class=\"elementor-icon\" href=\"#vise\">\n\t\t\t<i aria-hidden=\"true\" class=\"fas fa-angle-down\"><\/i>\t\t\t<\/a>\n\t\t<\/div>\n\t\t\t\t\t\t<\/div>\n\t\t\t\t<\/div>\n\t\t\t\t\t<\/div>\n\t\t<\/div>\n\t\t\t\t\t<\/div>\n\t\t<\/section>\n\t\t\t\t<section class=\"elementor-section elementor-top-section elementor-element elementor-element-64cff8ad elementor-section-boxed elementor-section-height-default elementor-section-height-default\" data-id=\"64cff8ad\" data-element_type=\"section\" data-e-type=\"section\">\n\t\t\t\t\t\t<div class=\"elementor-container elementor-column-gap-no\">\n\t\t\t\t\t<div class=\"elementor-column elementor-col-100 elementor-top-column elementor-element elementor-element-3a236fe7\" data-id=\"3a236fe7\" data-element_type=\"column\" data-e-type=\"column\">\n\t\t\t<div class=\"elementor-widget-wrap elementor-element-populated\">\n\t\t\t\t\t\t<div class=\"elementor-element elementor-element-44421e8 elementor-widget elementor-widget-spacer\" data-id=\"44421e8\" data-element_type=\"widget\" data-e-type=\"widget\" data-widget_type=\"spacer.default\">\n\t\t\t\t<div class=\"elementor-widget-container\">\n\t\t\t\t\t\t\t<div class=\"elementor-spacer\">\n\t\t\t<div class=\"elementor-spacer-inner\"><\/div>\n\t\t<\/div>\n\t\t\t\t\t\t<\/div>\n\t\t\t\t<\/div>\n\t\t\t\t\t<\/div>\n\t\t<\/div>\n\t\t\t\t\t<\/div>\n\t\t<\/section>\n\t\t\t\t<section class=\"elementor-section elementor-top-section elementor-element elementor-element-1c7b2f19 elementor-section-boxed elementor-section-height-default elementor-section-height-default\" data-id=\"1c7b2f19\" data-element_type=\"section\" data-e-type=\"section\">\n\t\t\t\t\t\t<div class=\"elementor-container elementor-column-gap-default\">\n\t\t\t\t\t<div class=\"elementor-column elementor-col-50 elementor-top-column elementor-element elementor-element-11e3451d\" data-id=\"11e3451d\" data-element_type=\"column\" data-e-type=\"column\">\n\t\t\t<div class=\"elementor-widget-wrap elementor-element-populated\">\n\t\t\t\t\t\t<div class=\"elementor-element elementor-element-2b6802bf elementor-view-default elementor-widget elementor-widget-icon\" data-id=\"2b6802bf\" data-element_type=\"widget\" data-e-type=\"widget\" data-widget_type=\"icon.default\">\n\t\t\t\t<div class=\"elementor-widget-container\">\n\t\t\t\t\t\t\t<div class=\"elementor-icon-wrapper\">\n\t\t\t<a class=\"elementor-icon\" href=\"mailto:natasa.sim8@gmail.com\">\n\t\t\t<svg xmlns=\"http:\/\/www.w3.org\/2000\/svg\" width=\"75\" height=\"75\" viewbox=\"0 0 75 75\"><g id=\"Group_119\" data-name=\"Group 119\" transform=\"translate(-1023 -3123)\"><circle id=\"Ellipse_7\" data-name=\"Ellipse 7\" cx=\"37.5\" cy=\"37.5\" r=\"37.5\" transform=\"translate(1023 3123)\" fill=\"#f15a29\"><\/circle><g id=\"mail\" transform=\"translate(1037.584 3144.678)\"><g id=\"Group_42\" data-name=\"Group 42\" transform=\"translate(30.961 2.261)\"><g id=\"Group_41\" data-name=\"Group 41\" transform=\"translate(0 0)\"><path id=\"Path_346\" data-name=\"Path 346\" d=\"M365.861,101.721l-13.65,13.562,13.65,13.562a3.91,3.91,0,0,0,.4-1.695V103.416A3.909,3.909,0,0,0,365.861,101.721Z\" transform=\"translate(-352.211 -101.721)\" fill=\"#fff\"><\/path><\/g><\/g><g id=\"Group_44\" data-name=\"Group 44\" transform=\"translate(2.261 0)\"><g id=\"Group_43\" data-name=\"Group 43\" transform=\"translate(0 0)\"><path id=\"Path_347\" data-name=\"Path 347\" d=\"M64.512,76h-37.1a3.91,3.91,0,0,0-1.695.4L43.167,93.754a3.959,3.959,0,0,0,5.594,0L66.206,76.4A3.91,3.91,0,0,0,64.512,76Z\" transform=\"translate(-25.721 -76)\" fill=\"#fff\"><\/path><\/g><\/g><g id=\"Group_46\" data-name=\"Group 46\" transform=\"translate(0 2.261)\"><g id=\"Group_45\" data-name=\"Group 45\" transform=\"translate(0 0)\"><path id=\"Path_348\" data-name=\"Path 348\" d=\"M.4,101.721a3.91,3.91,0,0,0-.4,1.695V127.15a3.91,3.91,0,0,0,.4,1.695l13.65-13.562Z\" transform=\"translate(0 -101.721)\" fill=\"#fff\"><\/path><\/g><\/g><g id=\"Group_48\" data-name=\"Group 48\" transform=\"translate(2.261 17.687)\"><g id=\"Group_47\" data-name=\"Group 47\"><path id=\"Path_349\" data-name=\"Path 349\" d=\"M52.557,277.211l-1.932,1.932a6.6,6.6,0,0,1-9.323,0l-1.931-1.932-13.65,13.562a3.91,3.91,0,0,0,1.695.4h37.1a3.91,3.91,0,0,0,1.695-.4Z\" transform=\"translate(-25.721 -277.211)\" fill=\"#fff\"><\/path><\/g><\/g><\/g><\/g><\/svg>\t\t\t<\/a>\n\t\t<\/div>\n\t\t\t\t\t\t<\/div>\n\t\t\t\t<\/div>\n\t\t\t\t<div class=\"elementor-element elementor-element-6c775f47 elementor-widget elementor-widget-heading\" data-id=\"6c775f47\" data-element_type=\"widget\" data-e-type=\"widget\" data-widget_type=\"heading.default\">\n\t\t\t\t<div class=\"elementor-widget-container\">\n\t\t\t\t\t<h2 class=\"elementor-heading-title elementor-size-default\"><a href=\"mailto:natasa.sim8@gmail.com\">natasa.sim8@gmail.com<\/a><\/h2>\t\t\t\t<\/div>\n\t\t\t\t<\/div>\n\t\t\t\t\t<\/div>\n\t\t<\/div>\n\t\t\t\t<div class=\"elementor-column elementor-col-50 elementor-top-column elementor-element elementor-element-85c9f31\" data-id=\"85c9f31\" data-element_type=\"column\" data-e-type=\"column\">\n\t\t\t<div class=\"elementor-widget-wrap elementor-element-populated\">\n\t\t\t\t\t\t<div class=\"elementor-element elementor-element-f56e01a elementor-view-default elementor-widget elementor-widget-icon\" data-id=\"f56e01a\" data-element_type=\"widget\" data-e-type=\"widget\" data-widget_type=\"icon.default\">\n\t\t\t\t<div class=\"elementor-widget-container\">\n\t\t\t\t\t\t\t<div class=\"elementor-icon-wrapper\">\n\t\t\t<a class=\"elementor-icon\" href=\"tel:+38513626218\">\n\t\t\t<svg xmlns=\"http:\/\/www.w3.org\/2000\/svg\" id=\"phone-call\" width=\"75\" height=\"75\" viewbox=\"0 0 75 75\"><g id=\"Group_49\" data-name=\"Group 49\"><path id=\"Path_350\" data-name=\"Path 350\" d=\"M64.012,10.979A37.5,37.5,0,1,0,75,37.492,37.5,37.5,0,0,0,64.012,10.979Zm-7.22,41.258,0,0v-.012l-1.9,1.887a10,10,0,0,1-9.438,2.7,33.228,33.228,0,0,1-9.65-4.325,44.586,44.586,0,0,1-7.612-6.138,44.928,44.928,0,0,1-5.688-6.9,35,35,0,0,1-4.275-8.65,10,10,0,0,1,2.5-10.212l2.225-2.225a1.587,1.587,0,0,1,2.245,0l0,0,7.025,7.025a1.587,1.587,0,0,1,0,2.245l0,0L28.1,31.767a3.362,3.362,0,0,0-.35,4.375A48.242,48.242,0,0,0,32.687,41.9a47.947,47.947,0,0,0,6.5,5.463,3.387,3.387,0,0,0,4.325-.375l3.987-4.05a1.587,1.587,0,0,1,2.245,0l0,0,7.038,7.05A1.587,1.587,0,0,1,56.792,52.237Z\" transform=\"translate(0 0)\" fill=\"#f15a29\"><\/path><path id=\"Path_352\" data-name=\"Path 352\" d=\"M56.792,52.237l0,0v-.012l-1.9,1.887a10,10,0,0,1-9.438,2.7,33.228,33.228,0,0,1-9.65-4.325,44.586,44.586,0,0,1-7.612-6.138,44.928,44.928,0,0,1-5.688-6.9,35,35,0,0,1-4.275-8.65,10,10,0,0,1,2.5-10.212l2.225-2.225a1.587,1.587,0,0,1,2.245,0l0,0,7.025,7.025a1.587,1.587,0,0,1,0,2.245l0,0L28.1,31.767a3.362,3.362,0,0,0-.35,4.375A48.242,48.242,0,0,0,32.687,41.9a47.947,47.947,0,0,0,6.5,5.463,3.387,3.387,0,0,0,4.325-.375l3.987-4.05a1.587,1.587,0,0,1,2.245,0l0,0,7.038,7.05A1.587,1.587,0,0,1,56.792,52.237Z\" transform=\"translate(0.004 0.005)\" fill=\"#fff\"><\/path><\/g><\/svg>\t\t\t<\/a>\n\t\t<\/div>\n\t\t\t\t\t\t<\/div>\n\t\t\t\t<\/div>\n\t\t\t\t<div class=\"elementor-element elementor-element-b57e198 elementor-widget elementor-widget-heading\" data-id=\"b57e198\" data-element_type=\"widget\" data-e-type=\"widget\" data-widget_type=\"heading.default\">\n\t\t\t\t<div class=\"elementor-widget-container\">\n\t\t\t\t\t<h2 class=\"elementor-heading-title elementor-size-default\"><a href=\"tel:095%20914%209673\">095 914 9673<\/a><\/h2>\t\t\t\t<\/div>\n\t\t\t\t<\/div>\n\t\t\t\t\t<\/div>\n\t\t<\/div>\n\t\t\t\t\t<\/div>\n\t\t<\/section>\n\t\t\t\t<section class=\"elementor-section elementor-top-section elementor-element elementor-element-e0aafcd elementor-section-boxed elementor-section-height-default elementor-section-height-default\" data-id=\"e0aafcd\" data-element_type=\"section\" data-e-type=\"section\">\n\t\t\t\t\t\t<div class=\"elementor-container elementor-column-gap-no\">\n\t\t\t\t\t<div class=\"elementor-column elementor-col-100 elementor-top-column elementor-element elementor-element-107941e6\" data-id=\"107941e6\" data-element_type=\"column\" data-e-type=\"column\">\n\t\t\t<div class=\"elementor-widget-wrap elementor-element-populated\">\n\t\t\t\t\t\t<div class=\"elementor-element elementor-element-7e6ef4b7 elementor-widget elementor-widget-menu-anchor\" data-id=\"7e6ef4b7\" data-element_type=\"widget\" data-e-type=\"widget\" data-widget_type=\"menu-anchor.default\">\n\t\t\t\t<div class=\"elementor-widget-container\">\n\t\t\t\t\t\t\t<div class=\"elementor-menu-anchor\" id=\"vise\"><\/div>\n\t\t\t\t\t\t<\/div>\n\t\t\t\t<\/div>\n\t\t\t\t<div class=\"elementor-element elementor-element-3a54440f elementor-widget elementor-widget-spacer\" data-id=\"3a54440f\" data-element_type=\"widget\" data-e-type=\"widget\" data-widget_type=\"spacer.default\">\n\t\t\t\t<div class=\"elementor-widget-container\">\n\t\t\t\t\t\t\t<div class=\"elementor-spacer\">\n\t\t\t<div class=\"elementor-spacer-inner\"><\/div>\n\t\t<\/div>\n\t\t\t\t\t\t<\/div>\n\t\t\t\t<\/div>\n\t\t\t\t<div class=\"elementor-element elementor-element-75a40e47 elementor-widget elementor-widget-heading\" data-id=\"75a40e47\" data-element_type=\"widget\" data-e-type=\"widget\" data-widget_type=\"heading.default\">\n\t\t\t\t<div class=\"elementor-widget-container\">\n\t\t\t\t\t<h2 class=\"elementor-heading-title elementor-size-default\">O NAMA:<\/h2>\t\t\t\t<\/div>\n\t\t\t\t<\/div>\n\t\t\t\t<div class=\"elementor-element elementor-element-2e73287b elementor-widget elementor-widget-spacer\" data-id=\"2e73287b\" data-element_type=\"widget\" data-e-type=\"widget\" data-widget_type=\"spacer.default\">\n\t\t\t\t<div class=\"elementor-widget-container\">\n\t\t\t\t\t\t\t<div class=\"elementor-spacer\">\n\t\t\t<div class=\"elementor-spacer-inner\"><\/div>\n\t\t<\/div>\n\t\t\t\t\t\t<\/div>\n\t\t\t\t<\/div>\n\t\t\t\t<div class=\"elementor-element elementor-element-54fe0f96 elementor-widget elementor-widget-text-editor\" data-id=\"54fe0f96\" data-element_type=\"widget\" data-e-type=\"widget\" data-widget_type=\"text-editor.default\">\n\t\t\t\t<div class=\"elementor-widget-container\">\n\t\t\t\t\t\t\t\t\t<p>Cvjetni atelje Nata\u0161a nudi veliki izbor svje\u017eeg cvije\u0107a, aran\u017eiranje cvije\u0107a i poklona, slatkih buketa, lon\u010danica te razne aran\u017eirane vrti\u0107e za sve prigode.<br \/>\u00a0<br \/>U ponudi imamo i ru\u010dno ra\u0111ene unikatne an\u0111ele, prigodne \u010destitke, ukrasne vre\u0107ice i ostalo. Izra\u0111ujemo i Flower-box kutije, koje kao i bukete po \u017eelji dostavljamo na ku\u0107na vrata va\u0161ih najdra\u017eih. Kod nas tako\u0111er mo\u017eete naru\u010diti i vjence te aran\u017eirane lampione.<\/p>\t\t\t\t\t\t\t\t<\/div>\n\t\t\t\t<\/div>\n\t\t\t\t\t<\/div>\n\t\t<\/div>\n\t\t\t\t\t<\/div>\n\t\t<\/section>\n\t\t\t\t<section class=\"elementor-section elementor-top-section elementor-element elementor-element-5a3c8553 elementor-section-boxed elementor-section-height-default elementor-section-height-default\" data-id=\"5a3c8553\" data-element_type=\"section\" data-e-type=\"section\">\n\t\t\t\t\t\t<div class=\"elementor-container elementor-column-gap-no\">\n\t\t\t\t\t<div class=\"elementor-column elementor-col-100 elementor-top-column elementor-element elementor-element-2dca6987\" data-id=\"2dca6987\" data-element_type=\"column\" data-e-type=\"column\">\n\t\t\t<div class=\"elementor-widget-wrap elementor-element-populated\">\n\t\t\t\t\t\t<div class=\"elementor-element elementor-element-5752800 elementor-widget elementor-widget-spacer\" data-id=\"5752800\" data-element_type=\"widget\" data-e-type=\"widget\" data-widget_type=\"spacer.default\">\n\t\t\t\t<div class=\"elementor-widget-container\">\n\t\t\t\t\t\t\t<div class=\"elementor-spacer\">\n\t\t\t<div class=\"elementor-spacer-inner\"><\/div>\n\t\t<\/div>\n\t\t\t\t\t\t<\/div>\n\t\t\t\t<\/div>\n\t\t\t\t<div class=\"elementor-element elementor-element-483225ad elementor-widget elementor-widget-heading\" data-id=\"483225ad\" data-element_type=\"widget\" data-e-type=\"widget\" data-widget_type=\"heading.default\">\n\t\t\t\t<div class=\"elementor-widget-container\">\n\t\t\t\t\t<h2 class=\"elementor-heading-title elementor-size-default\">RADNO VRIJEME:<\/h2>\t\t\t\t<\/div>\n\t\t\t\t<\/div>\n\t\t\t\t<div class=\"elementor-element elementor-element-3ab05a24 elementor-widget elementor-widget-spacer\" data-id=\"3ab05a24\" data-element_type=\"widget\" data-e-type=\"widget\" data-widget_type=\"spacer.default\">\n\t\t\t\t<div class=\"elementor-widget-container\">\n\t\t\t\t\t\t\t<div class=\"elementor-spacer\">\n\t\t\t<div class=\"elementor-spacer-inner\"><\/div>\n\t\t<\/div>\n\t\t\t\t\t\t<\/div>\n\t\t\t\t<\/div>\n\t\t\t\t<div class=\"elementor-element elementor-element-277352f8 elementor-widget elementor-widget-text-editor\" data-id=\"277352f8\" data-element_type=\"widget\" data-e-type=\"widget\" data-widget_type=\"text-editor.default\">\n\t\t\t\t<div class=\"elementor-widget-container\">\n\t\t\t\t\t\t\t\t\t<p><strong>Od ponedjeljka do subote:\u00a0<\/strong>8:00 &#8211; 20:00<\/p><p><strong>Nedjelja: <\/strong>8:00 &#8211; 12:00<\/p>\t\t\t\t\t\t\t\t<\/div>\n\t\t\t\t<\/div>\n\t\t\t\t<div class=\"elementor-element elementor-element-395b156a elementor-widget elementor-widget-spacer\" data-id=\"395b156a\" data-element_type=\"widget\" data-e-type=\"widget\" data-widget_type=\"spacer.default\">\n\t\t\t\t<div class=\"elementor-widget-container\">\n\t\t\t\t\t\t\t<div class=\"elementor-spacer\">\n\t\t\t<div class=\"elementor-spacer-inner\"><\/div>\n\t\t<\/div>\n\t\t\t\t\t\t<\/div>\n\t\t\t\t<\/div>\n\t\t\t\t\t<\/div>\n\t\t<\/div>\n\t\t\t\t\t<\/div>\n\t\t<\/section>\n\t\t\t\t<\/div>","protected":false},"excerpt":{"rendered":"<p>SAZNAJ VI\u0160E natasa.sim8@gmail.com 095 914 9673 O NAMA: Cvjetni atelje Nata\u0161a nudi veliki izbor svje\u017eeg cvije\u0107a, aran\u017eiranje cvije\u0107a i poklona, slatkih buketa, lon\u010danica te razne aran\u017eirane vrti\u0107e za sve prigode.\u00a0U ponudi imamo i ru\u010dno ra\u0111ene unikatne an\u0111ele, prigodne \u010destitke, ukrasne vre\u0107ice i ostalo. Izra\u0111ujemo i Flower-box kutije, koje kao i bukete po \u017eelji dostavljamo na [&hellip;]<\/p>\n","protected":false},"author":4,"featured_media":0,"parent":512,"menu_order":0,"comment_status":"closed","ping_status":"closed","template":"","meta":{"inline_featured_image":false,"ocean_post_layout":"","ocean_both_sidebars_style":"","ocean_both_sidebars_content_width":0,"ocean_both_sidebars_sidebars_width":0,"ocean_sidebar":"","ocean_second_sidebar":"","ocean_disable_margins":"enable","ocean_add_body_class":"","ocean_shortcode_before_top_bar":"","ocean_shortcode_after_top_bar":"","ocean_shortcode_before_header":"","ocean_shortcode_after_header":"","ocean_has_shortcode":"","ocean_shortcode_after_title":"","ocean_shortcode_before_footer_widgets":"","ocean_shortcode_after_footer_widgets":"","ocean_shortcode_before_footer_bottom":"","ocean_shortcode_after_footer_bottom":"","ocean_display_top_bar":"default","ocean_display_header":"default","ocean_header_style":"","ocean_center_header_left_menu":"","ocean_custom_header_template":"","ocean_custom_logo":0,"ocean_custom_retina_logo":0,"ocean_custom_logo_max_width":0,"ocean_custom_logo_tablet_max_width":0,"ocean_custom_logo_mobile_max_width":0,"ocean_custom_logo_max_height":0,"ocean_custom_logo_tablet_max_height":0,"ocean_custom_logo_mobile_max_height":0,"ocean_header_custom_menu":"","ocean_menu_typo_font_family":"","ocean_menu_typo_font_subset":"","ocean_menu_typo_font_size":0,"ocean_menu_typo_font_size_tablet":0,"ocean_menu_typo_font_size_mobile":0,"ocean_menu_typo_font_size_unit":"px","ocean_menu_typo_font_weight":"","ocean_menu_typo_font_weight_tablet":"","ocean_menu_typo_font_weight_mobile":"","ocean_menu_typo_transform":"","ocean_menu_typo_transform_tablet":"","ocean_menu_typo_transform_mobile":"","ocean_menu_typo_line_height":0,"ocean_menu_typo_line_height_tablet":0,"ocean_menu_typo_line_height_mobile":0,"ocean_menu_typo_line_height_unit":"","ocean_menu_typo_spacing":0,"ocean_menu_typo_spacing_tablet":0,"ocean_menu_typo_spacing_mobile":0,"ocean_menu_typo_spacing_unit":"","ocean_menu_link_color":"","ocean_menu_link_color_hover":"","ocean_menu_link_color_active":"","ocean_menu_link_background":"","ocean_menu_link_hover_background":"","ocean_menu_link_active_background":"","ocean_menu_social_links_bg":"","ocean_menu_social_hover_links_bg":"","ocean_menu_social_links_color":"","ocean_menu_social_hover_links_color":"","ocean_disable_title":"default","ocean_disable_heading":"default","ocean_post_title":"","ocean_post_subheading":"","ocean_post_title_style":"","ocean_post_title_background_color":"","ocean_post_title_background":0,"ocean_post_title_bg_image_position":"","ocean_post_title_bg_image_attachment":"","ocean_post_title_bg_image_repeat":"","ocean_post_title_bg_image_size":"","ocean_post_title_height":0,"ocean_post_title_bg_overlay":0.5,"ocean_post_title_bg_overlay_color":"","ocean_disable_breadcrumbs":"default","ocean_breadcrumbs_color":"","ocean_breadcrumbs_separator_color":"","ocean_breadcrumbs_links_color":"","ocean_breadcrumbs_links_hover_color":"","ocean_display_footer_widgets":"default","ocean_display_footer_bottom":"default","ocean_custom_footer_template":"","footnotes":""},"class_list":["post-524","page","type-page","status-publish","hentry","entry"],"_links":{"self":[{"href":"https:\/\/jugmall.hr\/en\/wp-json\/wp\/v2\/pages\/524","targetHints":{"allow":["GET"]}}],"collection":[{"href":"https:\/\/jugmall.hr\/en\/wp-json\/wp\/v2\/pages"}],"about":[{"href":"https:\/\/jugmall.hr\/en\/wp-json\/wp\/v2\/types\/page"}],"author":[{"embeddable":true,"href":"https:\/\/jugmall.hr\/en\/wp-json\/wp\/v2\/users\/4"}],"replies":[{"embeddable":true,"href":"https:\/\/jugmall.hr\/en\/wp-json\/wp\/v2\/comments?post=524"}],"version-history":[{"count":0,"href":"https:\/\/jugmall.hr\/en\/wp-json\/wp\/v2\/pages\/524\/revisions"}],"up":[{"embeddable":true,"href":"https:\/\/jugmall.hr\/en\/wp-json\/wp\/v2\/pages\/512"}],"wp:attachment":[{"href":"https:\/\/jugmall.hr\/en\/wp-json\/wp\/v2\/media?parent=524"}],"curies":[{"name":"wp","href":"https:\/\/api.w.org\/{rel}","templated":true}]}}